{"id":3771,"date":"2021-11-24T10:10:54","date_gmt":"2021-11-24T15:10:54","guid":{"rendered":"https:\/\/aqve.creatures.ca\/becoming-a-member\/"},"modified":"2021-12-02T14:02:13","modified_gmt":"2021-12-02T19:02:13","slug":"becoming-a-member","status":"publish","type":"page","link":"https:\/\/www.aqve.com\/en\/becoming-a-member\/","title":{"rendered":"Becoming a member"},"content":{"rendered":"\t\t<div data-elementor-type=\"wp-page\" data-elementor-id=\"3771\" class=\"elementor elementor-3771 elementor-13\" data-elementor-post-type=\"page\">\n\t\t\t\t\t\t<section class=\"elementor-section elementor-top-section elementor-element elementor-element-49ea36aa elementor-section-stretched elementor-section-boxed elementor-section-height-default elementor-section-height-default\" data-id=\"49ea36aa\" data-element_type=\"section\" data-e-type=\"section\" data-settings=\"{&quot;stretch_section&quot;:&quot;section-stretched&quot;,&quot;background_background&quot;:&quot;classic&quot;}\">\n\t\t\t\t\t\t<div class=\"elementor-container elementor-column-gap-default\">\n\t\t\t\t\t<div class=\"elementor-column elementor-col-100 elementor-top-column elementor-element elementor-element-23a8d34d\" data-id=\"23a8d34d\" data-element_type=\"column\" data-e-type=\"column\">\n\t\t\t<div class=\"elementor-widget-wrap elementor-element-populated\">\n\t\t\t\t\t\t<div class=\"elementor-element elementor-element-159e2695 elementor-widget elementor-widget-heading\" data-id=\"159e2695\" data-element_type=\"widget\" data-e-type=\"widget\" data-widget_type=\"heading.default\">\n\t\t\t\t<div class=\"elementor-widget-container\">\n\t\t\t\t\t<h1 class=\"elementor-heading-title elementor-size-default\">Becoming a member<\/h1>\t\t\t\t<\/div>\n\t\t\t\t<\/div>\n\t\t\t\t\t<\/div>\n\t\t<\/div>\n\t\t\t\t\t<\/div>\n\t\t<\/section>\n\t\t\t\t<section class=\"elementor-section elementor-top-section elementor-element elementor-element-46efd817 elementor-section-stretched elementor-section-boxed elementor-section-height-default elementor-section-height-default\" data-id=\"46efd817\" data-element_type=\"section\" data-e-type=\"section\" data-settings=\"{&quot;stretch_section&quot;:&quot;section-stretched&quot;,&quot;background_background&quot;:&quot;classic&quot;}\">\n\t\t\t\t\t\t\t<div class=\"elementor-background-overlay\"><\/div>\n\t\t\t\t\t\t\t<div class=\"elementor-container elementor-column-gap-no\">\n\t\t\t\t\t<div class=\"elementor-column elementor-col-66 elementor-top-column elementor-element elementor-element-1d34f429\" data-id=\"1d34f429\" data-element_type=\"column\" data-e-type=\"column\" data-settings=\"{&quot;background_background&quot;:&quot;classic&quot;}\">\n\t\t\t<div class=\"elementor-widget-wrap elementor-element-populated\">\n\t\t\t\t\t\t<div class=\"elementor-element elementor-element-203d994a elementor-widget elementor-widget-global elementor-global-2372 elementor-widget-breadcrumbs\" data-id=\"203d994a\" data-element_type=\"widget\" data-e-type=\"widget\" data-widget_type=\"breadcrumbs.default\">\n\t\t\t\t<div class=\"elementor-widget-container\">\n\t\t\t\t\t<p id=\"breadcrumbs\"><span><span><a href=\"https:\/\/www.aqve.com\/en\/\">Home<\/a><\/span><\/span><\/p>\t\t\t\t<\/div>\n\t\t\t\t<\/div>\n\t\t\t\t<div class=\"elementor-element elementor-element-7292a972 elementor-widget-divider--view-line elementor-widget elementor-widget-global elementor-global-2375 elementor-widget-divider\" data-id=\"7292a972\" data-element_type=\"widget\" data-e-type=\"widget\" data-widget_type=\"divider.default\">\n\t\t\t\t<div class=\"elementor-widget-container\">\n\t\t\t\t\t\t\t<div class=\"elementor-divider\">\n\t\t\t<span class=\"elementor-divider-separator\">\n\t\t\t\t\t\t<\/span>\n\t\t<\/div>\n\t\t\t\t\t\t<\/div>\n\t\t\t\t<\/div>\n\t\t\t\t<div class=\"elementor-element elementor-element-77f06e63 elementor-widget elementor-widget-heading\" data-id=\"77f06e63\" data-element_type=\"widget\" data-e-type=\"widget\" data-widget_type=\"heading.default\">\n\t\t\t\t<div class=\"elementor-widget-container\">\n\t\t\t\t\t<h2 class=\"elementor-heading-title elementor-size-default\"><mark>Joindre un r\u00e9seau d\u00e9di\u00e9 aux enjeux environnementaux et du d\u00e9veloppement durable  <\/mark><\/h2>\t\t\t\t<\/div>\n\t\t\t\t<\/div>\n\t\t\t\t<div class=\"elementor-element elementor-element-87c6c58 elementor-widget elementor-widget-text-editor\" data-id=\"87c6c58\" data-element_type=\"widget\" data-e-type=\"widget\" data-widget_type=\"text-editor.default\">\n\t\t\t\t<div class=\"elementor-widget-container\">\n\t\t\t\t\t\t\t\t\t<p><mark>L\u2019AQVE regroupe aussi des membres individuels et corporatifs qui s\u2019int\u00e9ressent aux enjeux environnementaux et des \u00e9tudiants talentueux qui pr\u00e9parent la rel\u00e8ve.<\/mark><\/p>\n<p>L\u2019AQVE est un r\u00e9seau dynamique de ressources et de partage d\u2019exp\u00e9riences. L\u2019association offre des formations et des webinaires pr\u00e9sentant des informations d\u2019actualit\u00e9 pour ses membres et organise un colloque chaque ann\u00e9e. Les membres b\u00e9n\u00e9ficient d\u2019un tarif r\u00e9duit pour participer \u00e0 ses activit\u00e9s, en plus de recevoir un bulletin d\u2019information et d\u2019\u00eatre inform\u00e9s de fa\u00e7on privil\u00e9gi\u00e9e d\u2019offres d\u2019emploi.<\/p>\n\t\t\t\t\t\t\t\t<\/div>\n\t\t\t\t<\/div>\n\t\t\t\t\t<\/div>\n\t\t<\/div>\n\t\t\t\t<div class=\"elementor-column elementor-col-33 elementor-top-column elementor-element elementor-element-42783147 elementor-hidden-tablet elementor-hidden-mobile colonne-sticky\" data-id=\"42783147\" data-element_type=\"column\" data-e-type=\"column\" data-settings=\"{&quot;background_background&quot;:&quot;classic&quot;}\">\n\t\t\t<div class=\"elementor-widget-wrap elementor-element-populated\">\n\t\t\t\t\t\t<section class=\"elementor-section elementor-inner-section elementor-element elementor-element-880774e elementor-section-boxed elementor-section-height-default elementor-section-height-default\" data-id=\"880774e\" data-element_type=\"section\" data-e-type=\"section\">\n\t\t\t\t\t\t<div class=\"elementor-container elementor-column-gap-default\">\n\t\t\t\t\t<div class=\"elementor-column elementor-col-100 elementor-inner-column elementor-element elementor-element-77674cba\" data-id=\"77674cba\" data-element_type=\"column\" data-e-type=\"column\" data-settings=\"{&quot;background_background&quot;:&quot;classic&quot;}\">\n\t\t\t<div class=\"elementor-widget-wrap elementor-element-populated\">\n\t\t\t\t\t\t<div class=\"elementor-element elementor-element-23d5f9e0 elementor-widget elementor-widget-heading\" data-id=\"23d5f9e0\" data-element_type=\"widget\" data-e-type=\"widget\" data-widget_type=\"heading.default\">\n\t\t\t\t<div class=\"elementor-widget-container\">\n\t\t\t\t\t<h3 class=\"elementor-heading-title elementor-size-default\"><a href=\"https:\/\/aqve.creatures.ca\/en\/becoming-a-member\/\">members<\/a><\/h3>\t\t\t\t<\/div>\n\t\t\t\t<\/div>\n\t\t\t\t<div class=\"elementor-element elementor-element-b1644f8 elementor-widget-divider--view-line elementor-widget elementor-widget-divider\" data-id=\"b1644f8\" data-element_type=\"widget\" data-e-type=\"widget\" data-widget_type=\"divider.default\">\n\t\t\t\t<div class=\"elementor-widget-container\">\n\t\t\t\t\t\t\t<div class=\"elementor-divider\">\n\t\t\t<span class=\"elementor-divider-separator\">\n\t\t\t\t\t\t<\/span>\n\t\t<\/div>\n\t\t\t\t\t\t<\/div>\n\t\t\t\t<\/div>\n\t\t\t\t<div class=\"elementor-element elementor-element-a037429 elementor-nav-menu__text-align-aside elementor-widget elementor-widget-nav-menu\" data-id=\"a037429\" data-element_type=\"widget\" data-e-type=\"widget\" data-settings=\"{&quot;layout&quot;:&quot;dropdown&quot;,&quot;submenu_icon&quot;:{&quot;value&quot;:&quot;&lt;i class=\\&quot;fas fa-angle-down\\&quot; aria-hidden=\\&quot;true\\&quot;&gt;&lt;\\\/i&gt;&quot;,&quot;library&quot;:&quot;fa-solid&quot;}}\" data-widget_type=\"nav-menu.default\">\n\t\t\t\t<div class=\"elementor-widget-container\">\n\t\t\t\t\t\t\t\t<nav class=\"elementor-nav-menu--dropdown elementor-nav-menu__container\" aria-hidden=\"true\">\n\t\t\t\t<ul id=\"menu-2-a037429\" class=\"elementor-nav-menu\"><li class=\"menu-item menu-item-type-post_type menu-item-object-page menu-item-3790\"><a href=\"https:\/\/www.aqve.com\/en\/becoming-a-member\/single-member\/\" class=\"elementor-item\" tabindex=\"-1\">Single member<\/a><\/li>\n<li class=\"menu-item menu-item-type-post_type menu-item-object-page menu-item-3789\"><a href=\"https:\/\/www.aqve.com\/en\/becoming-a-member\/corporate-member\/\" class=\"elementor-item\" tabindex=\"-1\">Corporate member<\/a><\/li>\n<\/ul>\t\t\t<\/nav>\n\t\t\t\t\t\t<\/div>\n\t\t\t\t<\/div>\n\t\t\t\t\t<\/div>\n\t\t<\/div>\n\t\t\t\t\t<\/div>\n\t\t<\/section>\n\t\t\t\t\t<\/div>\n\t\t<\/div>\n\t\t\t\t\t<\/div>\n\t\t<\/section>\n\t\t\t\t<\/div>\n\t\t","protected":false},"excerpt":{"rendered":"<p>Joindre un r\u00e9seau d\u00e9di\u00e9 aux enjeux environnementaux et du d\u00e9veloppement durable L\u2019AQVE regroupe aussi des membres individuels et corporatifs qui s\u2019int\u00e9ressent aux enjeux environnementaux et des \u00e9tudiants talentueux qui pr\u00e9parent la rel\u00e8ve. L\u2019AQVE est un r\u00e9seau dynamique de ressources et de partage d\u2019exp\u00e9riences. L\u2019association offre des formations et des webinaires pr\u00e9sentant des informations d\u2019actualit\u00e9 pour [&hellip;]<\/p>\n","protected":false},"author":1,"featured_media":0,"parent":0,"menu_order":3,"comment_status":"closed","ping_status":"closed","template":"","meta":{"inline_featured_image":false,"footnotes":""},"class_list":["post-3771","page","type-page","status-publish","hentry"],"yoast_head":"<!-- This site is optimized with the Yoast SEO plugin v27.2 - https:\/\/yoast.com\/product\/yoast-seo-wordpress\/ -->\n<title>Becoming a member - AQVE<\/title>\n<meta name=\"description\" content=\"Becoming a member of AQVE allows you to join a network dedicated to environmental issues and sustainable development.\" \/>\n<meta name=\"robots\" content=\"index, follow, max-snippet:-1, max-image-preview:large, max-video-preview:-1\" \/>\n<link rel=\"canonical\" href=\"https:\/\/www.aqve.com\/en\/becoming-a-member\/\" \/>\n<meta property=\"og:locale\" content=\"en_US\" \/>\n<meta property=\"og:type\" content=\"article\" \/>\n<meta property=\"og:title\" content=\"Becoming a member - AQVE\" \/>\n<meta property=\"og:description\" content=\"Becoming a member of AQVE allows you to join a network dedicated to environmental issues and sustainable development.\" \/>\n<meta property=\"og:url\" content=\"https:\/\/www.aqve.com\/en\/becoming-a-member\/\" \/>\n<meta property=\"og:site_name\" content=\"AQVE\" \/>\n<meta property=\"article:modified_time\" content=\"2021-12-02T19:02:13+00:00\" \/>\n<meta property=\"og:image\" content=\"http:\/\/aqve.creatures.ca\/wp-content\/uploads\/2021\/04\/AQVE_heromembre.jpg\" \/>\n<meta name=\"twitter:card\" content=\"summary_large_image\" \/>\n<meta name=\"twitter:title\" content=\"Becoming a member - AQVE\" \/>\n<meta name=\"twitter:description\" content=\"Becoming a member of AQVE allows you to join a network dedicated to environmental issues and sustainable development.\" \/>\n<meta name=\"twitter:label1\" content=\"Est. reading time\" \/>\n\t<meta name=\"twitter:data1\" content=\"1 minute\" \/>\n<script type=\"application\/ld+json\" class=\"yoast-schema-graph\">{\"@context\":\"https:\/\/schema.org\",\"@graph\":[{\"@type\":\"WebPage\",\"@id\":\"https:\/\/www.aqve.com\/en\/becoming-a-member\/\",\"url\":\"https:\/\/www.aqve.com\/en\/becoming-a-member\/\",\"name\":\"Becoming a member - AQVE\",\"isPartOf\":{\"@id\":\"https:\/\/www.aqve.com\/en\/#website\"},\"datePublished\":\"2021-11-24T15:10:54+00:00\",\"dateModified\":\"2021-12-02T19:02:13+00:00\",\"description\":\"Becoming a member of AQVE allows you to join a network dedicated to environmental issues and sustainable development.\",\"breadcrumb\":{\"@id\":\"https:\/\/www.aqve.com\/en\/becoming-a-member\/#breadcrumb\"},\"inLanguage\":\"en-US\",\"potentialAction\":[{\"@type\":\"ReadAction\",\"target\":[\"https:\/\/www.aqve.com\/en\/becoming-a-member\/\"]}]},{\"@type\":\"BreadcrumbList\",\"@id\":\"https:\/\/www.aqve.com\/en\/becoming-a-member\/#breadcrumb\",\"itemListElement\":[{\"@type\":\"ListItem\",\"position\":1,\"name\":\"Home\",\"item\":\"https:\/\/www.aqve.com\/en\/\"},{\"@type\":\"ListItem\",\"position\":2,\"name\":\"Becoming a member\"}]},{\"@type\":\"WebSite\",\"@id\":\"https:\/\/www.aqve.com\/en\/#website\",\"url\":\"https:\/\/www.aqve.com\/en\/\",\"name\":\"AQVE\",\"description\":\"Quebec Association of Environmental Auditing\",\"publisher\":{\"@id\":\"https:\/\/www.aqve.com\/en\/#organization\"},\"potentialAction\":[{\"@type\":\"SearchAction\",\"target\":{\"@type\":\"EntryPoint\",\"urlTemplate\":\"https:\/\/www.aqve.com\/en\/?s={search_term_string}\"},\"query-input\":{\"@type\":\"PropertyValueSpecification\",\"valueRequired\":true,\"valueName\":\"search_term_string\"}}],\"inLanguage\":\"en-US\"},{\"@type\":\"Organization\",\"@id\":\"https:\/\/www.aqve.com\/en\/#organization\",\"name\":\"AQVE\",\"url\":\"https:\/\/www.aqve.com\/en\/\",\"logo\":{\"@type\":\"ImageObject\",\"inLanguage\":\"en-US\",\"@id\":\"https:\/\/www.aqve.com\/en\/#\/schema\/logo\/image\/\",\"url\":\"https:\/\/www.aqve.com\/wp-content\/uploads\/2021\/11\/logo-AQVE-300x182-1.jpeg\",\"contentUrl\":\"https:\/\/www.aqve.com\/wp-content\/uploads\/2021\/11\/logo-AQVE-300x182-1.jpeg\",\"width\":300,\"height\":182,\"caption\":\"AQVE\"},\"image\":{\"@id\":\"https:\/\/www.aqve.com\/en\/#\/schema\/logo\/image\/\"}}]}<\/script>\n<!-- \/ Yoast SEO plugin. -->","yoast_head_json":{"title":"Becoming a member - AQVE","description":"Becoming a member of AQVE allows you to join a network dedicated to environmental issues and sustainable development.","robots":{"index":"index","follow":"follow","max-snippet":"max-snippet:-1","max-image-preview":"max-image-preview:large","max-video-preview":"max-video-preview:-1"},"canonical":"https:\/\/www.aqve.com\/en\/becoming-a-member\/","og_locale":"en_US","og_type":"article","og_title":"Becoming a member - AQVE","og_description":"Becoming a member of AQVE allows you to join a network dedicated to environmental issues and sustainable development.","og_url":"https:\/\/www.aqve.com\/en\/becoming-a-member\/","og_site_name":"AQVE","article_modified_time":"2021-12-02T19:02:13+00:00","og_image":[{"url":"http:\/\/aqve.creatures.ca\/wp-content\/uploads\/2021\/04\/AQVE_heromembre.jpg","type":"","width":"","height":""}],"twitter_card":"summary_large_image","twitter_title":"Becoming a member - AQVE","twitter_description":"Becoming a member of AQVE allows you to join a network dedicated to environmental issues and sustainable development.","twitter_misc":{"Est. reading time":"1 minute"},"schema":{"@context":"https:\/\/schema.org","@graph":[{"@type":"WebPage","@id":"https:\/\/www.aqve.com\/en\/becoming-a-member\/","url":"https:\/\/www.aqve.com\/en\/becoming-a-member\/","name":"Becoming a member - AQVE","isPartOf":{"@id":"https:\/\/www.aqve.com\/en\/#website"},"datePublished":"2021-11-24T15:10:54+00:00","dateModified":"2021-12-02T19:02:13+00:00","description":"Becoming a member of AQVE allows you to join a network dedicated to environmental issues and sustainable development.","breadcrumb":{"@id":"https:\/\/www.aqve.com\/en\/becoming-a-member\/#breadcrumb"},"inLanguage":"en-US","potentialAction":[{"@type":"ReadAction","target":["https:\/\/www.aqve.com\/en\/becoming-a-member\/"]}]},{"@type":"BreadcrumbList","@id":"https:\/\/www.aqve.com\/en\/becoming-a-member\/#breadcrumb","itemListElement":[{"@type":"ListItem","position":1,"name":"Home","item":"https:\/\/www.aqve.com\/en\/"},{"@type":"ListItem","position":2,"name":"Becoming a member"}]},{"@type":"WebSite","@id":"https:\/\/www.aqve.com\/en\/#website","url":"https:\/\/www.aqve.com\/en\/","name":"AQVE","description":"Quebec Association of Environmental Auditing","publisher":{"@id":"https:\/\/www.aqve.com\/en\/#organization"},"potentialAction":[{"@type":"SearchAction","target":{"@type":"EntryPoint","urlTemplate":"https:\/\/www.aqve.com\/en\/?s={search_term_string}"},"query-input":{"@type":"PropertyValueSpecification","valueRequired":true,"valueName":"search_term_string"}}],"inLanguage":"en-US"},{"@type":"Organization","@id":"https:\/\/www.aqve.com\/en\/#organization","name":"AQVE","url":"https:\/\/www.aqve.com\/en\/","logo":{"@type":"ImageObject","inLanguage":"en-US","@id":"https:\/\/www.aqve.com\/en\/#\/schema\/logo\/image\/","url":"https:\/\/www.aqve.com\/wp-content\/uploads\/2021\/11\/logo-AQVE-300x182-1.jpeg","contentUrl":"https:\/\/www.aqve.com\/wp-content\/uploads\/2021\/11\/logo-AQVE-300x182-1.jpeg","width":300,"height":182,"caption":"AQVE"},"image":{"@id":"https:\/\/www.aqve.com\/en\/#\/schema\/logo\/image\/"}}]}},"_links":{"self":[{"href":"https:\/\/www.aqve.com\/en\/wp-json\/wp\/v2\/pages\/3771","targetHints":{"allow":["GET"]}}],"collection":[{"href":"https:\/\/www.aqve.com\/en\/wp-json\/wp\/v2\/pages"}],"about":[{"href":"https:\/\/www.aqve.com\/en\/wp-json\/wp\/v2\/types\/page"}],"author":[{"embeddable":true,"href":"https:\/\/www.aqve.com\/en\/wp-json\/wp\/v2\/users\/1"}],"replies":[{"embeddable":true,"href":"https:\/\/www.aqve.com\/en\/wp-json\/wp\/v2\/comments?post=3771"}],"version-history":[{"count":0,"href":"https:\/\/www.aqve.com\/en\/wp-json\/wp\/v2\/pages\/3771\/revisions"}],"wp:attachment":[{"href":"https:\/\/www.aqve.com\/en\/wp-json\/wp\/v2\/media?parent=3771"}],"curies":[{"name":"wp","href":"https:\/\/api.w.org\/{rel}","templated":true}]}}