{"id":3254,"date":"2021-11-22T21:35:11","date_gmt":"2021-11-23T02:35:11","guid":{"rendered":"https:\/\/aqve.creatures.ca\/code-of-good-practice\/"},"modified":"2021-11-23T22:18:12","modified_gmt":"2021-11-24T03:18:12","slug":"code-of-good-practice","status":"publish","type":"page","link":"https:\/\/www.aqve.com\/en\/certified\/general-informations\/code-of-good-practice\/","title":{"rendered":"Code of good practice"},"content":{"rendered":"\t\t<div data-elementor-type=\"wp-page\" data-elementor-id=\"3254\" class=\"elementor elementor-3254 elementor-368\" data-elementor-post-type=\"page\">\n\t\t\t\t\t\t<section class=\"elementor-section elementor-top-section elementor-element elementor-element-6b067762 elementor-section-stretched elementor-section-boxed elementor-section-height-default elementor-section-height-default\" data-id=\"6b067762\" data-element_type=\"section\" data-e-type=\"section\" data-settings=\"{&quot;stretch_section&quot;:&quot;section-stretched&quot;,&quot;background_background&quot;:&quot;classic&quot;}\">\n\t\t\t\t\t\t<div class=\"elementor-container elementor-column-gap-default\">\n\t\t\t\t\t<div class=\"elementor-column elementor-col-100 elementor-top-column elementor-element elementor-element-4a6fa859\" data-id=\"4a6fa859\" data-element_type=\"column\" data-e-type=\"column\">\n\t\t\t<div class=\"elementor-widget-wrap elementor-element-populated\">\n\t\t\t\t\t\t<div class=\"elementor-element elementor-element-23c0328e elementor-widget elementor-widget-heading\" data-id=\"23c0328e\" data-element_type=\"widget\" data-e-type=\"widget\" data-widget_type=\"heading.default\">\n\t\t\t\t<div class=\"elementor-widget-container\">\n\t\t\t\t\t<h1 class=\"elementor-heading-title elementor-size-default\">Code of good practice<\/h1>\t\t\t\t<\/div>\n\t\t\t\t<\/div>\n\t\t\t\t\t<\/div>\n\t\t<\/div>\n\t\t\t\t\t<\/div>\n\t\t<\/section>\n\t\t\t\t<section class=\"elementor-section elementor-top-section elementor-element elementor-element-16bc5b48 elementor-section-stretched elementor-section-boxed elementor-section-height-default elementor-section-height-default\" data-id=\"16bc5b48\" data-element_type=\"section\" data-e-type=\"section\" data-settings=\"{&quot;stretch_section&quot;:&quot;section-stretched&quot;,&quot;background_background&quot;:&quot;classic&quot;}\">\n\t\t\t\t\t\t\t<div class=\"elementor-background-overlay\"><\/div>\n\t\t\t\t\t\t\t<div class=\"elementor-container elementor-column-gap-no\">\n\t\t\t\t\t<div class=\"elementor-column elementor-col-66 elementor-top-column elementor-element elementor-element-6618c41d\" data-id=\"6618c41d\" data-element_type=\"column\" data-e-type=\"column\" data-settings=\"{&quot;background_background&quot;:&quot;classic&quot;}\">\n\t\t\t<div class=\"elementor-widget-wrap elementor-element-populated\">\n\t\t\t\t\t\t<div class=\"elementor-element elementor-element-fe9eb97 elementor-widget elementor-widget-global elementor-global-2372 elementor-widget-breadcrumbs\" data-id=\"fe9eb97\" data-element_type=\"widget\" data-e-type=\"widget\" data-widget_type=\"breadcrumbs.default\">\n\t\t\t\t<div class=\"elementor-widget-container\">\n\t\t\t\t\t<p id=\"breadcrumbs\"><span><span><a href=\"https:\/\/www.aqve.com\/en\/\">Home<\/a><\/span><\/span><\/p>\t\t\t\t<\/div>\n\t\t\t\t<\/div>\n\t\t\t\t<div class=\"elementor-element elementor-element-9c6ccd1 elementor-widget-divider--view-line elementor-widget elementor-widget-global elementor-global-2375 elementor-widget-divider\" data-id=\"9c6ccd1\" data-element_type=\"widget\" data-e-type=\"widget\" data-widget_type=\"divider.default\">\n\t\t\t\t<div class=\"elementor-widget-container\">\n\t\t\t\t\t\t\t<div class=\"elementor-divider\">\n\t\t\t<span class=\"elementor-divider-separator\">\n\t\t\t\t\t\t<\/span>\n\t\t<\/div>\n\t\t\t\t\t\t<\/div>\n\t\t\t\t<\/div>\n\t\t\t\t<div class=\"elementor-element elementor-element-4c31639d elementor-widget elementor-widget-heading\" data-id=\"4c31639d\" data-element_type=\"widget\" data-e-type=\"widget\" data-widget_type=\"heading.default\">\n\t\t\t\t<div class=\"elementor-widget-container\">\n\t\t\t\t\t<h2 class=\"elementor-heading-title elementor-size-default\"><mark>Assurer l'int\u00e9grit\u00e9, la qualit\u00e9 et l'objectivit\u00e9 <\/mark><\/h2>\t\t\t\t<\/div>\n\t\t\t\t<\/div>\n\t\t\t\t<div class=\"elementor-element elementor-element-25245ab1 elementor-widget elementor-widget-text-editor\" data-id=\"25245ab1\" data-element_type=\"widget\" data-e-type=\"widget\" data-widget_type=\"text-editor.default\">\n\t\t\t\t<div class=\"elementor-widget-container\">\n\t\t\t\t\t\t\t\t\t<p>En choisissant un agr\u00e9\u00e9 de l\u2019AQVE, vous vous assurez de faire affaire avec un professionnel qui adh\u00e8re \u00e0 un code de bonnes pratiques.<\/p>\n<p>Il s\u2019agit entre autres de crit\u00e8res d\u2019int\u00e9grit\u00e9, de qualification, de formation continue et d\u2019objectivit\u00e9. Nous vous invitons \u00e0 vous r\u00e9f\u00e9rer au code de bonnes pratiques\u00a0pour prendre connaissance des crit\u00e8res complets.<\/p>\n\t\t\t\t\t\t\t\t<\/div>\n\t\t\t\t<\/div>\n\t\t\t\t<div class=\"elementor-element elementor-element-7d9067c elementor-widget elementor-widget-heading\" data-id=\"7d9067c\" data-element_type=\"widget\" data-e-type=\"widget\" data-widget_type=\"heading.default\">\n\t\t\t\t<div class=\"elementor-widget-container\">\n\t\t\t\t\t<h3 class=\"elementor-heading-title elementor-size-default\"><mark>Le saviez-vous?<\/mark><\/h3>\t\t\t\t<\/div>\n\t\t\t\t<\/div>\n\t\t\t\t<div class=\"elementor-element elementor-element-1fc4680 elementor-widget elementor-widget-text-editor\" data-id=\"1fc4680\" data-element_type=\"widget\" data-e-type=\"widget\" data-widget_type=\"text-editor.default\">\n\t\t\t\t<div class=\"elementor-widget-container\">\n\t\t\t\t\t\t\t\t\t<ul>\n<li><strong>Pr\u00e9alablement \u00e0 leur agr\u00e9ment<\/strong>, les professionnels doivent s\u2019engager \u00e0 respecter le code de bonnes pratiques<\/li>\n<li><strong>Dans leur pratique<\/strong> de v\u00e9rification environnementale les agr\u00e9\u00e9s doivent s\u2019efforcer d\u2019appliquer les crit\u00e8res list\u00e9s au code de bonnes pratiques<\/li>\n<li>Un\u00a0<strong>processus d\u2019inspection<\/strong>\u00a0permet, entre autres, de valider la connaissance de l\u2019agr\u00e9\u00e9 au niveau de l\u2019application du code de bonnes pratiques<\/li>\n<\/ul>\n<p>Bien que le code de bonnes pratiques ne se substitue pas au code de d\u00e9ontologie des ordres professionnels respectifs, elle permet aux donneurs d\u2019ordre de d\u00e9poser une demande de recours en cas de litige.<\/p>\n\t\t\t\t\t\t\t\t<\/div>\n\t\t\t\t<\/div>\n\t\t\t\t<div class=\"elementor-element elementor-element-268d4082 elementor-widget elementor-widget-heading\" data-id=\"268d4082\" data-element_type=\"widget\" data-e-type=\"widget\" data-widget_type=\"heading.default\">\n\t\t\t\t<div class=\"elementor-widget-container\">\n\t\t\t\t\t<h2 class=\"elementor-heading-title elementor-size-default\">Guidance for certified members<\/h2>\t\t\t\t<\/div>\n\t\t\t\t<\/div>\n\t\t\t\t<div class=\"elementor-element elementor-element-6a05f730 elementor-widget elementor-widget-text-editor\" data-id=\"6a05f730\" data-element_type=\"widget\" data-e-type=\"widget\" data-widget_type=\"text-editor.default\">\n\t\t\t\t<div class=\"elementor-widget-container\">\n\t\t\t\t\t\t\t\t\t<p>The QAEA, through its Practice Development Committee and Certification Commission, has established competency criteria for environmental professionals wishing to practise environmental auditing or environmental site assessment.<\/p>\n<p>Since 1997, these criteria have included the requirement, for QAEA-certified practitioners, to adhere to the\u00a0Code of Good Practice.<\/p>\n<ul>\n<li>Individual members must adhere to the Code of Good Practice at the time of their certification.<\/li>\n<li>All certified members must strive, in their environmental auditing practice, to apply the principles stated in the Code of Good Practice.<\/li>\n<li>These include integrity, qualification, continuous training and objectivity (see the Code of Good Practice for the full list).<\/li>\n<\/ul>\n<p>Deviations from the Code of Good Practice are studied by a Good Practice Committee appointed by the Board on an ad hoc basis.<\/p>\n<p>Nevertheless, the Code of Good Practice is not a substitute for the code of ethics of the respective professional order. For any complaint regarding a member of a professional order, the complainant is referred to the order in question. After examination by that order, the complaint must then be submitted to the QAEA Good Practice Committee.<\/p>\n\t\t\t\t\t\t\t\t<\/div>\n\t\t\t\t<\/div>\n\t\t\t\t\t<\/div>\n\t\t<\/div>\n\t\t\t\t<div class=\"elementor-column elementor-col-33 elementor-top-column elementor-element elementor-element-2c19a078 elementor-hidden-tablet elementor-hidden-mobile colonne-sticky\" data-id=\"2c19a078\" data-element_type=\"column\" data-e-type=\"column\" data-settings=\"{&quot;background_background&quot;:&quot;classic&quot;,&quot;motion_fx_motion_fx_scrolling&quot;:&quot;yes&quot;,&quot;motion_fx_devices&quot;:[&quot;desktop&quot;,&quot;tablet&quot;,&quot;mobile&quot;]}\">\n\t\t\t<div class=\"elementor-widget-wrap elementor-element-populated\">\n\t\t\t\t\t\t<section class=\"elementor-section elementor-inner-section elementor-element elementor-element-c6eaab4 elementor-section-boxed elementor-section-height-default elementor-section-height-default\" data-id=\"c6eaab4\" data-element_type=\"section\" data-e-type=\"section\">\n\t\t\t\t\t\t<div class=\"elementor-container elementor-column-gap-default\">\n\t\t\t\t\t<div class=\"elementor-column elementor-col-100 elementor-inner-column elementor-element elementor-element-7139bbec\" data-id=\"7139bbec\" data-element_type=\"column\" data-e-type=\"column\" data-settings=\"{&quot;background_background&quot;:&quot;classic&quot;}\">\n\t\t\t<div class=\"elementor-widget-wrap elementor-element-populated\">\n\t\t\t\t\t\t<div class=\"elementor-element elementor-element-63a8a591 elementor-widget elementor-widget-heading\" data-id=\"63a8a591\" data-element_type=\"widget\" data-e-type=\"widget\" data-widget_type=\"heading.default\">\n\t\t\t\t<div class=\"elementor-widget-container\">\n\t\t\t\t\t<h3 class=\"elementor-heading-title elementor-size-default\">Certified<\/h3>\t\t\t\t<\/div>\n\t\t\t\t<\/div>\n\t\t\t\t<div class=\"elementor-element elementor-element-4f2bab53 elementor-widget-divider--view-line elementor-widget elementor-widget-divider\" data-id=\"4f2bab53\" data-element_type=\"widget\" data-e-type=\"widget\" data-widget_type=\"divider.default\">\n\t\t\t\t<div class=\"elementor-widget-container\">\n\t\t\t\t\t\t\t<div class=\"elementor-divider\">\n\t\t\t<span class=\"elementor-divider-separator\">\n\t\t\t\t\t\t<\/span>\n\t\t<\/div>\n\t\t\t\t\t\t<\/div>\n\t\t\t\t<\/div>\n\t\t\t\t<div class=\"elementor-element elementor-element-7e975cbb elementor-nav-menu__text-align-aside elementor-widget elementor-widget-global elementor-global-2466 elementor-widget-nav-menu\" data-id=\"7e975cbb\" data-element_type=\"widget\" data-e-type=\"widget\" data-settings=\"{&quot;layout&quot;:&quot;dropdown&quot;,&quot;submenu_icon&quot;:{&quot;value&quot;:&quot;fas fa-angle-down&quot;,&quot;library&quot;:&quot;fa-solid&quot;}}\" data-widget_type=\"nav-menu.default\">\n\t\t\t\t<div class=\"elementor-widget-container\">\n\t\t\t\t\t\t\t\t<nav class=\"elementor-nav-menu--dropdown elementor-nav-menu__container\" aria-hidden=\"true\">\n\t\t\t\t<ul id=\"menu-2-7e975cbb\" class=\"elementor-nav-menu\"><li class=\"menu-item menu-item-type-custom menu-item-object-custom menu-item-has-children menu-item-3281\"><a class=\"elementor-item\" tabindex=\"-1\">General informations<\/a>\n<ul class=\"sub-menu elementor-nav-menu--dropdown\">\n\t<li class=\"menu-item menu-item-type-post_type menu-item-object-page menu-item-3288\"><a href=\"https:\/\/www.aqve.com\/en\/certified\/general-informations\/certified-environmental-site-assessor\/\" class=\"elementor-sub-item\" tabindex=\"-1\">Certified Environmental Site Assessor<\/a><\/li>\n\t<li class=\"menu-item menu-item-type-post_type menu-item-object-page menu-item-3285\"><a href=\"https:\/\/www.aqve.com\/en\/certified\/general-informations\/certified-environmental-auditor\/\" class=\"elementor-sub-item\" tabindex=\"-1\">Certified Environmental Auditor<\/a><\/li>\n\t<li class=\"menu-item menu-item-type-post_type menu-item-object-page menu-item-3286\"><a href=\"https:\/\/www.aqve.com\/en\/certified\/general-informations\/code-of-good-practice\/\" class=\"elementor-sub-item\" tabindex=\"-1\">Code of good practice<\/a><\/li>\n<\/ul>\n<\/li>\n<li class=\"menu-item menu-item-type-custom menu-item-object-custom menu-item-has-children menu-item-3282\"><a class=\"elementor-item\" tabindex=\"-1\">Why require a certified professional<\/a>\n<ul class=\"sub-menu elementor-nav-menu--dropdown\">\n\t<li class=\"menu-item menu-item-type-post_type menu-item-object-page menu-item-3289\"><a href=\"https:\/\/www.aqve.com\/en\/certified\/why-require-a-certified-professionnel\/certified-members-list\/\" class=\"elementor-sub-item\" tabindex=\"-1\">Certified members list<\/a><\/li>\n\t<li class=\"menu-item menu-item-type-post_type menu-item-object-page menu-item-3696\"><a href=\"https:\/\/www.aqve.com\/en\/certified\/why-require-a-certified-professionnel\/disciplinary-procedure-and-other-recourses\/\" class=\"elementor-sub-item\" tabindex=\"-1\">Disciplinary procedure and other recourses<\/a><\/li>\n<\/ul>\n<\/li>\n<li class=\"menu-item menu-item-type-custom menu-item-object-custom menu-item-has-children menu-item-3283\"><a class=\"elementor-item\" tabindex=\"-1\">Applying for certification<\/a>\n<ul class=\"sub-menu elementor-nav-menu--dropdown\">\n\t<li class=\"menu-item menu-item-type-post_type menu-item-object-page menu-item-3284\"><a href=\"https:\/\/www.aqve.com\/en\/certified\/applying-for-certification\/certification-process-criteria\/\" class=\"elementor-sub-item\" tabindex=\"-1\">Certification process and criteria<\/a><\/li>\n\t<li class=\"menu-item menu-item-type-post_type menu-item-object-page menu-item-3782\"><a href=\"https:\/\/www.aqve.com\/en\/certified\/applying-for-certification\/fee-schedule-for-certified-members\/\" class=\"elementor-sub-item\" tabindex=\"-1\">Fee schedule for certified members<\/a><\/li>\n\t<li class=\"menu-item menu-item-type-post_type menu-item-object-page menu-item-3718\"><a href=\"https:\/\/www.aqve.com\/en\/certified\/applying-for-certification\/annual-calendar\/\" class=\"elementor-sub-item\" tabindex=\"-1\">Annual calendar<\/a><\/li>\n<\/ul>\n<\/li>\n<\/ul>\t\t\t<\/nav>\n\t\t\t\t\t\t<\/div>\n\t\t\t\t<\/div>\n\t\t\t\t\t<\/div>\n\t\t<\/div>\n\t\t\t\t\t<\/div>\n\t\t<\/section>\n\t\t\t\t<section class=\"elementor-section elementor-inner-section elementor-element elementor-element-2ab352f8 elementor-section-boxed elementor-section-height-default elementor-section-height-default\" data-id=\"2ab352f8\" data-element_type=\"section\" data-e-type=\"section\">\n\t\t\t\t\t\t<div class=\"elementor-container elementor-column-gap-default\">\n\t\t\t\t\t<div class=\"elementor-column elementor-col-100 elementor-inner-column elementor-element elementor-element-18e09319\" data-id=\"18e09319\" data-element_type=\"column\" data-e-type=\"column\" data-settings=\"{&quot;background_background&quot;:&quot;classic&quot;}\">\n\t\t\t<div class=\"elementor-widget-wrap elementor-element-populated\">\n\t\t\t\t\t\t<div class=\"elementor-element elementor-element-3df855de elementor-widget elementor-widget-heading\" data-id=\"3df855de\" data-element_type=\"widget\" data-e-type=\"widget\" data-widget_type=\"heading.default\">\n\t\t\t\t<div class=\"elementor-widget-container\">\n\t\t\t\t\t<h3 class=\"elementor-heading-title elementor-size-default\">Linked Contents<\/h3>\t\t\t\t<\/div>\n\t\t\t\t<\/div>\n\t\t\t\t<div class=\"elementor-element elementor-element-f456e1 elementor-widget-divider--view-line elementor-widget elementor-widget-divider\" data-id=\"f456e1\" data-element_type=\"widget\" data-e-type=\"widget\" data-widget_type=\"divider.default\">\n\t\t\t\t<div class=\"elementor-widget-container\">\n\t\t\t\t\t\t\t<div class=\"elementor-divider\">\n\t\t\t<span class=\"elementor-divider-separator\">\n\t\t\t\t\t\t<\/span>\n\t\t<\/div>\n\t\t\t\t\t\t<\/div>\n\t\t\t\t<\/div>\n\t\t\t\t<div class=\"elementor-element elementor-element-65ed64bf elementor-widget elementor-widget-text-editor\" data-id=\"65ed64bf\" data-element_type=\"widget\" data-e-type=\"widget\" data-widget_type=\"text-editor.default\">\n\t\t\t\t<div class=\"elementor-widget-container\">\n\t\t\t\t\t\t\t\t\t<p><mark><a href=\"https:\/\/aqve.creatures.ca\/agrees\/pourquoi-choisir-un-agree\/criteres-pour-trouver-un-agree\/\">Crit\u00e8res pour trouver un agr\u00e9\u00e9<\/a><\/mark><\/p>\n<p><mark><a href=\"https:\/\/aqve.creatures.ca\/agrees\/informations-generales\/role-de-lagree\/\">R\u00f4le de l\u2019agr\u00e9\u00e9<\/a><\/mark><\/p>\n\t\t\t\t\t\t\t\t<\/div>\n\t\t\t\t<\/div>\n\t\t\t\t\t<\/div>\n\t\t<\/div>\n\t\t\t\t\t<\/div>\n\t\t<\/section>\n\t\t\t\t\t<\/div>\n\t\t<\/div>\n\t\t\t\t\t<\/div>\n\t\t<\/section>\n\t\t\t\t<\/div>\n\t\t","protected":false},"excerpt":{"rendered":"<p>Assurer l&#8217;int\u00e9grit\u00e9, la qualit\u00e9 et l&#8217;objectivit\u00e9 En choisissant un agr\u00e9\u00e9 de l\u2019AQVE, vous vous assurez de faire affaire avec un professionnel qui adh\u00e8re \u00e0 un code de bonnes pratiques. Il s\u2019agit entre autres de crit\u00e8res d\u2019int\u00e9grit\u00e9, de qualification, de formation continue et d\u2019objectivit\u00e9. Nous vous invitons \u00e0 vous r\u00e9f\u00e9rer au code de bonnes pratiques\u00a0pour prendre [&hellip;]<\/p>\n","protected":false},"author":1,"featured_media":0,"parent":3293,"menu_order":4,"comment_status":"closed","ping_status":"closed","template":"","meta":{"inline_featured_image":false,"footnotes":""},"class_list":["post-3254","page","type-page","status-publish","hentry"],"yoast_head":"<!-- This site is optimized with the Yoast SEO plugin v27.5 - https:\/\/yoast.com\/product\/yoast-seo-wordpress\/ -->\n<title>Code of good practice - AQVE<\/title>\n<meta name=\"description\" content=\"By choosing an AQVE certified expert, you make sure you are doing business with a professional who adheres to a code of good practice.\" \/>\n<meta name=\"robots\" content=\"index, follow, max-snippet:-1, max-image-preview:large, max-video-preview:-1\" \/>\n<link rel=\"canonical\" href=\"https:\/\/www.aqve.com\/en\/certified\/general-informations\/code-of-good-practice\/\" \/>\n<meta property=\"og:locale\" content=\"en_US\" \/>\n<meta property=\"og:type\" content=\"article\" \/>\n<meta property=\"og:title\" content=\"Code of good practice - AQVE\" \/>\n<meta property=\"og:description\" content=\"By choosing an AQVE certified expert, you make sure you are doing business with a professional who adheres to a code of good practice.\" \/>\n<meta property=\"og:url\" content=\"https:\/\/www.aqve.com\/en\/certified\/general-informations\/code-of-good-practice\/\" \/>\n<meta property=\"og:site_name\" content=\"AQVE\" \/>\n<meta property=\"article:modified_time\" content=\"2021-11-24T03:18:12+00:00\" \/>\n<meta property=\"og:image\" content=\"http:\/\/aqve.creatures.ca\/wp-content\/uploads\/2021\/04\/AQVE_hero_agrees.jpg\" \/>\n<meta name=\"twitter:card\" content=\"summary_large_image\" \/>\n<meta name=\"twitter:title\" content=\"Code of good practice - AQVE\" \/>\n<meta name=\"twitter:description\" content=\"By choosing an AQVE certified expert, you make sure you are doing business with a professional who adheres to a code of good practice.\" \/>\n<meta name=\"twitter:image\" content=\"http:\/\/aqve.creatures.ca\/wp-content\/uploads\/2021\/04\/AQVE_hero_agrees.jpg\" \/>\n<meta name=\"twitter:label1\" content=\"Est. reading time\" \/>\n\t<meta name=\"twitter:data1\" content=\"2 minutes\" \/>\n<script type=\"application\/ld+json\" class=\"yoast-schema-graph\">{\"@context\":\"https:\\\/\\\/schema.org\",\"@graph\":[{\"@type\":\"WebPage\",\"@id\":\"https:\\\/\\\/www.aqve.com\\\/en\\\/certified\\\/general-informations\\\/code-of-good-practice\\\/\",\"url\":\"https:\\\/\\\/www.aqve.com\\\/en\\\/certified\\\/general-informations\\\/code-of-good-practice\\\/\",\"name\":\"Code of good practice - AQVE\",\"isPartOf\":{\"@id\":\"https:\\\/\\\/www.aqve.com\\\/en\\\/#website\"},\"datePublished\":\"2021-11-23T02:35:11+00:00\",\"dateModified\":\"2021-11-24T03:18:12+00:00\",\"description\":\"By choosing an AQVE certified expert, you make sure you are doing business with a professional who adheres to a code of good practice.\",\"breadcrumb\":{\"@id\":\"https:\\\/\\\/www.aqve.com\\\/en\\\/certified\\\/general-informations\\\/code-of-good-practice\\\/#breadcrumb\"},\"inLanguage\":\"en-US\",\"potentialAction\":[{\"@type\":\"ReadAction\",\"target\":[\"https:\\\/\\\/www.aqve.com\\\/en\\\/certified\\\/general-informations\\\/code-of-good-practice\\\/\"]}]},{\"@type\":\"BreadcrumbList\",\"@id\":\"https:\\\/\\\/www.aqve.com\\\/en\\\/certified\\\/general-informations\\\/code-of-good-practice\\\/#breadcrumb\",\"itemListElement\":[{\"@type\":\"ListItem\",\"position\":1,\"name\":\"Home\",\"item\":\"https:\\\/\\\/www.aqve.com\\\/en\\\/\"},{\"@type\":\"ListItem\",\"position\":2,\"name\":\"Certified\",\"item\":\"https:\\\/\\\/www.aqve.com\\\/en\\\/certified\\\/\"},{\"@type\":\"ListItem\",\"position\":3,\"name\":\"General informations\",\"item\":\"https:\\\/\\\/www.aqve.com\\\/en\\\/certified\\\/general-informations\\\/\"},{\"@type\":\"ListItem\",\"position\":4,\"name\":\"Code of good practice\"}]},{\"@type\":\"WebSite\",\"@id\":\"https:\\\/\\\/www.aqve.com\\\/en\\\/#website\",\"url\":\"https:\\\/\\\/www.aqve.com\\\/en\\\/\",\"name\":\"AQVE\",\"description\":\"Quebec Association of Environmental Auditing\",\"publisher\":{\"@id\":\"https:\\\/\\\/www.aqve.com\\\/en\\\/#organization\"},\"potentialAction\":[{\"@type\":\"SearchAction\",\"target\":{\"@type\":\"EntryPoint\",\"urlTemplate\":\"https:\\\/\\\/www.aqve.com\\\/en\\\/?s={search_term_string}\"},\"query-input\":{\"@type\":\"PropertyValueSpecification\",\"valueRequired\":true,\"valueName\":\"search_term_string\"}}],\"inLanguage\":\"en-US\"},{\"@type\":\"Organization\",\"@id\":\"https:\\\/\\\/www.aqve.com\\\/en\\\/#organization\",\"name\":\"AQVE\",\"url\":\"https:\\\/\\\/www.aqve.com\\\/en\\\/\",\"logo\":{\"@type\":\"ImageObject\",\"inLanguage\":\"en-US\",\"@id\":\"https:\\\/\\\/www.aqve.com\\\/en\\\/#\\\/schema\\\/logo\\\/image\\\/\",\"url\":\"https:\\\/\\\/www.aqve.com\\\/wp-content\\\/uploads\\\/2021\\\/11\\\/logo-AQVE-300x182-1.jpeg\",\"contentUrl\":\"https:\\\/\\\/www.aqve.com\\\/wp-content\\\/uploads\\\/2021\\\/11\\\/logo-AQVE-300x182-1.jpeg\",\"width\":300,\"height\":182,\"caption\":\"AQVE\"},\"image\":{\"@id\":\"https:\\\/\\\/www.aqve.com\\\/en\\\/#\\\/schema\\\/logo\\\/image\\\/\"}}]}<\/script>\n<!-- \/ Yoast SEO plugin. -->","yoast_head_json":{"title":"Code of good practice - AQVE","description":"By choosing an AQVE certified expert, you make sure you are doing business with a professional who adheres to a code of good practice.","robots":{"index":"index","follow":"follow","max-snippet":"max-snippet:-1","max-image-preview":"max-image-preview:large","max-video-preview":"max-video-preview:-1"},"canonical":"https:\/\/www.aqve.com\/en\/certified\/general-informations\/code-of-good-practice\/","og_locale":"en_US","og_type":"article","og_title":"Code of good practice - AQVE","og_description":"By choosing an AQVE certified expert, you make sure you are doing business with a professional who adheres to a code of good practice.","og_url":"https:\/\/www.aqve.com\/en\/certified\/general-informations\/code-of-good-practice\/","og_site_name":"AQVE","article_modified_time":"2021-11-24T03:18:12+00:00","og_image":[{"url":"http:\/\/aqve.creatures.ca\/wp-content\/uploads\/2021\/04\/AQVE_hero_agrees.jpg","type":"","width":"","height":""}],"twitter_card":"summary_large_image","twitter_title":"Code of good practice - AQVE","twitter_description":"By choosing an AQVE certified expert, you make sure you are doing business with a professional who adheres to a code of good practice.","twitter_image":"http:\/\/aqve.creatures.ca\/wp-content\/uploads\/2021\/04\/AQVE_hero_agrees.jpg","twitter_misc":{"Est. reading time":"2 minutes"},"schema":{"@context":"https:\/\/schema.org","@graph":[{"@type":"WebPage","@id":"https:\/\/www.aqve.com\/en\/certified\/general-informations\/code-of-good-practice\/","url":"https:\/\/www.aqve.com\/en\/certified\/general-informations\/code-of-good-practice\/","name":"Code of good practice - AQVE","isPartOf":{"@id":"https:\/\/www.aqve.com\/en\/#website"},"datePublished":"2021-11-23T02:35:11+00:00","dateModified":"2021-11-24T03:18:12+00:00","description":"By choosing an AQVE certified expert, you make sure you are doing business with a professional who adheres to a code of good practice.","breadcrumb":{"@id":"https:\/\/www.aqve.com\/en\/certified\/general-informations\/code-of-good-practice\/#breadcrumb"},"inLanguage":"en-US","potentialAction":[{"@type":"ReadAction","target":["https:\/\/www.aqve.com\/en\/certified\/general-informations\/code-of-good-practice\/"]}]},{"@type":"BreadcrumbList","@id":"https:\/\/www.aqve.com\/en\/certified\/general-informations\/code-of-good-practice\/#breadcrumb","itemListElement":[{"@type":"ListItem","position":1,"name":"Home","item":"https:\/\/www.aqve.com\/en\/"},{"@type":"ListItem","position":2,"name":"Certified","item":"https:\/\/www.aqve.com\/en\/certified\/"},{"@type":"ListItem","position":3,"name":"General informations","item":"https:\/\/www.aqve.com\/en\/certified\/general-informations\/"},{"@type":"ListItem","position":4,"name":"Code of good practice"}]},{"@type":"WebSite","@id":"https:\/\/www.aqve.com\/en\/#website","url":"https:\/\/www.aqve.com\/en\/","name":"AQVE","description":"Quebec Association of Environmental Auditing","publisher":{"@id":"https:\/\/www.aqve.com\/en\/#organization"},"potentialAction":[{"@type":"SearchAction","target":{"@type":"EntryPoint","urlTemplate":"https:\/\/www.aqve.com\/en\/?s={search_term_string}"},"query-input":{"@type":"PropertyValueSpecification","valueRequired":true,"valueName":"search_term_string"}}],"inLanguage":"en-US"},{"@type":"Organization","@id":"https:\/\/www.aqve.com\/en\/#organization","name":"AQVE","url":"https:\/\/www.aqve.com\/en\/","logo":{"@type":"ImageObject","inLanguage":"en-US","@id":"https:\/\/www.aqve.com\/en\/#\/schema\/logo\/image\/","url":"https:\/\/www.aqve.com\/wp-content\/uploads\/2021\/11\/logo-AQVE-300x182-1.jpeg","contentUrl":"https:\/\/www.aqve.com\/wp-content\/uploads\/2021\/11\/logo-AQVE-300x182-1.jpeg","width":300,"height":182,"caption":"AQVE"},"image":{"@id":"https:\/\/www.aqve.com\/en\/#\/schema\/logo\/image\/"}}]}},"_links":{"self":[{"href":"https:\/\/www.aqve.com\/en\/wp-json\/wp\/v2\/pages\/3254","targetHints":{"allow":["GET"]}}],"collection":[{"href":"https:\/\/www.aqve.com\/en\/wp-json\/wp\/v2\/pages"}],"about":[{"href":"https:\/\/www.aqve.com\/en\/wp-json\/wp\/v2\/types\/page"}],"author":[{"embeddable":true,"href":"https:\/\/www.aqve.com\/en\/wp-json\/wp\/v2\/users\/1"}],"replies":[{"embeddable":true,"href":"https:\/\/www.aqve.com\/en\/wp-json\/wp\/v2\/comments?post=3254"}],"version-history":[{"count":0,"href":"https:\/\/www.aqve.com\/en\/wp-json\/wp\/v2\/pages\/3254\/revisions"}],"up":[{"embeddable":true,"href":"https:\/\/www.aqve.com\/en\/wp-json\/wp\/v2\/pages\/3293"}],"wp:attachment":[{"href":"https:\/\/www.aqve.com\/en\/wp-json\/wp\/v2\/media?parent=3254"}],"curies":[{"name":"wp","href":"https:\/\/api.w.org\/{rel}","templated":true}]}}