{"id":3243,"date":"2021-11-22T15:11:46","date_gmt":"2021-11-22T20:11:46","guid":{"rendered":"https:\/\/aqve.creatures.ca\/accreditation-by-the-scc\/"},"modified":"2021-11-23T22:12:29","modified_gmt":"2021-11-24T03:12:29","slug":"accreditation-by-the-scc","status":"publish","type":"page","link":"https:\/\/www.aqve.com\/en\/about\/accreditation-by-the-scc\/","title":{"rendered":"Accreditation by the SCC"},"content":{"rendered":"\t\t<div data-elementor-type=\"wp-page\" data-elementor-id=\"3243\" class=\"elementor elementor-3243 elementor-285\" data-elementor-post-type=\"page\">\n\t\t\t\t\t\t<section class=\"elementor-section elementor-top-section elementor-element elementor-element-608303e1 elementor-section-stretched elementor-section-boxed elementor-section-height-default elementor-section-height-default\" data-id=\"608303e1\" data-element_type=\"section\" data-e-type=\"section\" data-settings=\"{&quot;stretch_section&quot;:&quot;section-stretched&quot;,&quot;background_background&quot;:&quot;classic&quot;}\">\n\t\t\t\t\t\t<div class=\"elementor-container elementor-column-gap-default\">\n\t\t\t\t\t<div class=\"elementor-column elementor-col-100 elementor-top-column elementor-element elementor-element-639b395d\" data-id=\"639b395d\" data-element_type=\"column\" data-e-type=\"column\">\n\t\t\t<div class=\"elementor-widget-wrap elementor-element-populated\">\n\t\t\t\t\t\t<div class=\"elementor-element elementor-element-66587e20 elementor-widget elementor-widget-heading\" data-id=\"66587e20\" data-element_type=\"widget\" data-e-type=\"widget\" data-widget_type=\"heading.default\">\n\t\t\t\t<div class=\"elementor-widget-container\">\n\t\t\t\t\t<h1 class=\"elementor-heading-title elementor-size-default\">Accreditation by the SCC<\/h1>\t\t\t\t<\/div>\n\t\t\t\t<\/div>\n\t\t\t\t\t<\/div>\n\t\t<\/div>\n\t\t\t\t\t<\/div>\n\t\t<\/section>\n\t\t\t\t<section class=\"elementor-section elementor-top-section elementor-element elementor-element-3a0af621 elementor-section-stretched elementor-section-boxed elementor-section-height-default elementor-section-height-default\" data-id=\"3a0af621\" data-element_type=\"section\" data-e-type=\"section\" data-settings=\"{&quot;stretch_section&quot;:&quot;section-stretched&quot;,&quot;background_background&quot;:&quot;classic&quot;}\">\n\t\t\t\t\t\t\t<div class=\"elementor-background-overlay\"><\/div>\n\t\t\t\t\t\t\t<div class=\"elementor-container elementor-column-gap-no\">\n\t\t\t\t\t<div class=\"elementor-column elementor-col-66 elementor-top-column elementor-element elementor-element-69b57842\" data-id=\"69b57842\" data-element_type=\"column\" data-e-type=\"column\" data-settings=\"{&quot;background_background&quot;:&quot;classic&quot;}\">\n\t\t\t<div class=\"elementor-widget-wrap elementor-element-populated\">\n\t\t\t\t\t\t<div class=\"elementor-element elementor-element-146cbba5 elementor-widget elementor-widget-breadcrumbs\" data-id=\"146cbba5\" data-element_type=\"widget\" data-e-type=\"widget\" data-widget_type=\"breadcrumbs.default\">\n\t\t\t\t<div class=\"elementor-widget-container\">\n\t\t\t\t\t<p id=\"breadcrumbs\"><span><span><a href=\"https:\/\/www.aqve.com\/en\/\">Home<\/a><\/span><\/span><\/p>\t\t\t\t<\/div>\n\t\t\t\t<\/div>\n\t\t\t\t<div class=\"elementor-element elementor-element-405cd53e elementor-widget-divider--view-line elementor-widget elementor-widget-divider\" data-id=\"405cd53e\" data-element_type=\"widget\" data-e-type=\"widget\" data-widget_type=\"divider.default\">\n\t\t\t\t<div class=\"elementor-widget-container\">\n\t\t\t\t\t\t\t<div class=\"elementor-divider\">\n\t\t\t<span class=\"elementor-divider-separator\">\n\t\t\t\t\t\t<\/span>\n\t\t<\/div>\n\t\t\t\t\t\t<\/div>\n\t\t\t\t<\/div>\n\t\t\t\t<div class=\"elementor-element elementor-element-2d90f0a4 mauvre elementor-widget elementor-widget-heading\" data-id=\"2d90f0a4\" data-element_type=\"widget\" data-e-type=\"widget\" data-widget_type=\"heading.default\">\n\t\t\t\t<div class=\"elementor-widget-container\">\n\t\t\t\t\t<h2 class=\"elementor-heading-title elementor-size-default\">International recognition<\/h2>\t\t\t\t<\/div>\n\t\t\t\t<\/div>\n\t\t\t\t<div class=\"elementor-element elementor-element-4e6d2899 elementor-widget elementor-widget-text-editor\" data-id=\"4e6d2899\" data-element_type=\"widget\" data-e-type=\"widget\" data-widget_type=\"text-editor.default\">\n\t\t\t\t<div class=\"elementor-widget-container\">\n\t\t\t\t\t\t\t\t\t<p>The\u00a0<a href=\"http:\/\/www.scc.ca\/\" target=\"_blank\" rel=\"nofollow,noopen noopener\">Standards Council of Canada<\/a>\u00a0(SCC) is a federal Crown corporation with a mandate to interpret, adapt and oversee the application of international standards\u2014including those of the International Organization for Standardization (ISO)\u2014in Canada.<\/p>\n<p>ISO 17024 contains general requirements for personal certification bodies like the QAEA, to ensure that their certification scheme is relevant, credible, independent and systematic.<\/p>\n<p>SCC accreditation is a very structured process requiring, among other things, a management system that is similar to those used in quality management and imposes a high degree of rigour on the accredited body.<\/p>\n<p>The QAEA is proud to have obtained accreditation in 2006; with it, not only can we ensure the quality of our certification process, but we are also recognized as the only Canadian certifying body accredited by the SCC to grant the titles of CEA and CESA.<\/p>\n<p>Thanks to this accreditation, QAEA titles are recognized internationally, which is not the case for other Canadian certifying bodies granting similar titles.<\/p>\n\t\t\t\t\t\t\t\t<\/div>\n\t\t\t\t<\/div>\n\t\t\t\t<div class=\"elementor-element elementor-element-3b10daec mauvre elementor-widget elementor-widget-heading\" data-id=\"3b10daec\" data-element_type=\"widget\" data-e-type=\"widget\" data-widget_type=\"heading.default\">\n\t\t\t\t<div class=\"elementor-widget-container\">\n\t\t\t\t\t<h2 class=\"elementor-heading-title elementor-size-default\">Quality assurance<\/h2>\t\t\t\t<\/div>\n\t\t\t\t<\/div>\n\t\t\t\t<div class=\"elementor-element elementor-element-3f5c6ef8 elementor-widget elementor-widget-text-editor\" data-id=\"3f5c6ef8\" data-element_type=\"widget\" data-e-type=\"widget\" data-widget_type=\"text-editor.default\">\n\t\t\t\t<div class=\"elementor-widget-container\">\n\t\t\t\t\t\t\t\t\t<p>Our certification process consists of eight procedures, along with registers and forms, all of which have been adopted by the Board of Directors and are audited by the Standards Council of Canada as part of its annual audit.<\/p>\n<p>To be in compliance, our management system must also undergo an annual management review and an internal audit by an independent party.<\/p>\n\t\t\t\t\t\t\t\t<\/div>\n\t\t\t\t<\/div>\n\t\t\t\t\t<\/div>\n\t\t<\/div>\n\t\t\t\t<div class=\"elementor-column elementor-col-33 elementor-top-column elementor-element elementor-element-53a24341 elementor-hidden-tablet elementor-hidden-mobile colonne-sticky\" data-id=\"53a24341\" data-element_type=\"column\" data-e-type=\"column\" data-settings=\"{&quot;background_background&quot;:&quot;classic&quot;}\">\n\t\t\t<div class=\"elementor-widget-wrap elementor-element-populated\">\n\t\t\t\t\t\t<section class=\"elementor-section elementor-inner-section elementor-element elementor-element-1de3bd04 elementor-section-boxed elementor-section-height-default elementor-section-height-default\" data-id=\"1de3bd04\" data-element_type=\"section\" data-e-type=\"section\">\n\t\t\t\t\t\t<div class=\"elementor-container elementor-column-gap-default\">\n\t\t\t\t\t<div class=\"elementor-column elementor-col-100 elementor-inner-column elementor-element elementor-element-62e62253\" data-id=\"62e62253\" data-element_type=\"column\" data-e-type=\"column\" data-settings=\"{&quot;background_background&quot;:&quot;classic&quot;}\">\n\t\t\t<div class=\"elementor-widget-wrap elementor-element-populated\">\n\t\t\t\t\t\t<div class=\"elementor-element elementor-element-4ce2ade3 elementor-widget elementor-widget-heading\" data-id=\"4ce2ade3\" data-element_type=\"widget\" data-e-type=\"widget\" data-widget_type=\"heading.default\">\n\t\t\t\t<div class=\"elementor-widget-container\">\n\t\t\t\t\t<h3 class=\"elementor-heading-title elementor-size-default\">About<\/h3>\t\t\t\t<\/div>\n\t\t\t\t<\/div>\n\t\t\t\t<div class=\"elementor-element elementor-element-1c33c1aa elementor-widget-divider--view-line elementor-widget elementor-widget-divider\" data-id=\"1c33c1aa\" data-element_type=\"widget\" data-e-type=\"widget\" data-widget_type=\"divider.default\">\n\t\t\t\t<div class=\"elementor-widget-container\">\n\t\t\t\t\t\t\t<div class=\"elementor-divider\">\n\t\t\t<span class=\"elementor-divider-separator\">\n\t\t\t\t\t\t<\/span>\n\t\t<\/div>\n\t\t\t\t\t\t<\/div>\n\t\t\t\t<\/div>\n\t\t\t\t<div class=\"elementor-element elementor-element-39f44fdb elementor-nav-menu__text-align-aside elementor-widget elementor-widget-global elementor-global-1976 elementor-widget-nav-menu\" data-id=\"39f44fdb\" data-element_type=\"widget\" data-e-type=\"widget\" data-settings=\"{&quot;layout&quot;:&quot;dropdown&quot;,&quot;submenu_icon&quot;:{&quot;value&quot;:&quot;fas fa-chevron-down&quot;,&quot;library&quot;:&quot;fa-solid&quot;}}\" data-widget_type=\"nav-menu.default\">\n\t\t\t\t<div class=\"elementor-widget-container\">\n\t\t\t\t\t\t\t\t<nav class=\"elementor-nav-menu--dropdown elementor-nav-menu__container\" aria-hidden=\"true\">\n\t\t\t\t<ul id=\"menu-2-39f44fdb\" class=\"elementor-nav-menu\"><li class=\"menu-item menu-item-type-post_type menu-item-object-page menu-item-3249\"><a href=\"https:\/\/www.aqve.com\/en\/about\/informations-generales\/\" class=\"elementor-item\" tabindex=\"-1\">General informations<\/a><\/li>\n<li class=\"menu-item menu-item-type-post_type menu-item-object-page menu-item-3553\"><a href=\"https:\/\/www.aqve.com\/en\/about\/team\/\" class=\"elementor-item\" tabindex=\"-1\">Team<\/a><\/li>\n<li class=\"menu-item menu-item-type-post_type menu-item-object-page menu-item-3246\"><a href=\"https:\/\/www.aqve.com\/en\/about\/accreditation-by-the-scc\/\" class=\"elementor-item\" tabindex=\"-1\">Accreditation by the SCC<\/a><\/li>\n<li class=\"menu-item menu-item-type-post_type menu-item-object-page menu-item-3247\"><a href=\"https:\/\/www.aqve.com\/en\/about\/partners\/\" class=\"elementor-item\" tabindex=\"-1\">Partners<\/a><\/li>\n<\/ul>\t\t\t<\/nav>\n\t\t\t\t\t\t<\/div>\n\t\t\t\t<\/div>\n\t\t\t\t\t<\/div>\n\t\t<\/div>\n\t\t\t\t\t<\/div>\n\t\t<\/section>\n\t\t\t\t<section class=\"elementor-section elementor-inner-section elementor-element elementor-element-17183418 elementor-section-boxed elementor-section-height-default elementor-section-height-default\" data-id=\"17183418\" data-element_type=\"section\" data-e-type=\"section\">\n\t\t\t\t\t\t<div class=\"elementor-container elementor-column-gap-default\">\n\t\t\t\t\t<div class=\"elementor-column elementor-col-100 elementor-inner-column elementor-element elementor-element-573eb94c\" data-id=\"573eb94c\" data-element_type=\"column\" data-e-type=\"column\" data-settings=\"{&quot;background_background&quot;:&quot;classic&quot;}\">\n\t\t\t<div class=\"elementor-widget-wrap elementor-element-populated\">\n\t\t\t\t\t\t<div class=\"elementor-element elementor-element-3d239846 elementor-widget elementor-widget-heading\" data-id=\"3d239846\" data-element_type=\"widget\" data-e-type=\"widget\" data-widget_type=\"heading.default\">\n\t\t\t\t<div class=\"elementor-widget-container\">\n\t\t\t\t\t<h3 class=\"elementor-heading-title elementor-size-default\">Linked Contents<\/h3>\t\t\t\t<\/div>\n\t\t\t\t<\/div>\n\t\t\t\t<div class=\"elementor-element elementor-element-3bab3745 elementor-widget-divider--view-line elementor-widget elementor-widget-divider\" data-id=\"3bab3745\" data-element_type=\"widget\" data-e-type=\"widget\" data-widget_type=\"divider.default\">\n\t\t\t\t<div class=\"elementor-widget-container\">\n\t\t\t\t\t\t\t<div class=\"elementor-divider\">\n\t\t\t<span class=\"elementor-divider-separator\">\n\t\t\t\t\t\t<\/span>\n\t\t<\/div>\n\t\t\t\t\t\t<\/div>\n\t\t\t\t<\/div>\n\t\t\t\t<div class=\"elementor-element elementor-element-2e769464 elementor-widget elementor-widget-text-editor\" data-id=\"2e769464\" data-element_type=\"widget\" data-e-type=\"widget\" data-widget_type=\"text-editor.default\">\n\t\t\t\t<div class=\"elementor-widget-container\">\n\t\t\t\t\t\t\t\t\t<p><mark><a href=\"http:\/\/www.aqve.com\/fr\/agrees\/demande-dagrement\">Demande d\u2019agr\u00e9ment<\/a><\/mark><\/p>\n<p><mark><a href=\"https:\/\/aqve.creatures.ca\/en\/certified\/applying-for-certification\/certification-process-criteria\/\">Crit\u00e8res d\u2019agr\u00e9ment<\/a><\/mark><\/p>\n<p><mark><a href=\"https:\/\/aqve.creatures.ca\/agrees\/pourquoi-choisir-un-agree\/criteres-pour-trouver-un-agree\/\">Crit\u00e8res pour trouver un agr\u00e9\u00e9<\/a><\/mark><\/p>\n\t\t\t\t\t\t\t\t<\/div>\n\t\t\t\t<\/div>\n\t\t\t\t\t<\/div>\n\t\t<\/div>\n\t\t\t\t\t<\/div>\n\t\t<\/section>\n\t\t\t\t\t<\/div>\n\t\t<\/div>\n\t\t\t\t\t<\/div>\n\t\t<\/section>\n\t\t\t\t<\/div>\n\t\t","protected":false},"excerpt":{"rendered":"<p>International recognition The\u00a0Standards Council of Canada\u00a0(SCC) is a federal Crown corporation with a mandate to interpret, adapt and oversee the application of international standards\u2014including those of the International Organization for Standardization (ISO)\u2014in Canada. ISO 17024 contains general requirements for personal certification bodies like the QAEA, to ensure that their certification scheme is relevant, credible, independent [&hellip;]<\/p>\n","protected":false},"author":1,"featured_media":0,"parent":3298,"menu_order":3,"comment_status":"closed","ping_status":"closed","template":"","meta":{"inline_featured_image":false,"footnotes":""},"class_list":["post-3243","page","type-page","status-publish","hentry"],"yoast_head":"<!-- This site is optimized with the Yoast SEO plugin v27.5 - https:\/\/yoast.com\/product\/yoast-seo-wordpress\/ -->\n<title>Accreditation by the SCC - AQVE<\/title>\n<meta name=\"description\" content=\"L&#039;AQVE est fi\u00e8re d&#039;avoir obtenu la certification de qualit\u00e9 du Conseil Canadien des Normes (CCN) depuis 2006.\" \/>\n<meta name=\"robots\" content=\"index, follow, max-snippet:-1, max-image-preview:large, max-video-preview:-1\" \/>\n<link rel=\"canonical\" href=\"https:\/\/www.aqve.com\/en\/about\/accreditation-by-the-scc\/\" \/>\n<meta property=\"og:locale\" content=\"en_US\" \/>\n<meta property=\"og:type\" content=\"article\" \/>\n<meta property=\"og:title\" content=\"Accreditation by the SCC - AQVE\" \/>\n<meta property=\"og:description\" content=\"L&#039;AQVE est fi\u00e8re d&#039;avoir obtenu la certification de qualit\u00e9 du Conseil Canadien des Normes (CCN) depuis 2006.\" \/>\n<meta property=\"og:url\" content=\"https:\/\/www.aqve.com\/en\/about\/accreditation-by-the-scc\/\" \/>\n<meta property=\"og:site_name\" content=\"AQVE\" \/>\n<meta property=\"article:modified_time\" content=\"2021-11-24T03:12:29+00:00\" \/>\n<meta property=\"og:image\" content=\"http:\/\/aqve.creatures.ca\/wp-content\/uploads\/2021\/07\/AQVE_hero_apropos-02.jpg\" \/>\n<meta name=\"twitter:card\" content=\"summary_large_image\" \/>\n<meta name=\"twitter:title\" content=\"Accreditation by the SCC - AQVE\" \/>\n<meta name=\"twitter:description\" content=\"L&#039;AQVE est fi\u00e8re d&#039;avoir obtenu la certification de qualit\u00e9 du Conseil Canadien des Normes (CCN) depuis 2006.\" \/>\n<meta name=\"twitter:image\" content=\"http:\/\/aqve.creatures.ca\/wp-content\/uploads\/2021\/07\/AQVE_hero_apropos-02.jpg\" \/>\n<meta name=\"twitter:label1\" content=\"Est. reading time\" \/>\n\t<meta name=\"twitter:data1\" content=\"1 minute\" \/>\n<script type=\"application\/ld+json\" class=\"yoast-schema-graph\">{\"@context\":\"https:\\\/\\\/schema.org\",\"@graph\":[{\"@type\":\"WebPage\",\"@id\":\"https:\\\/\\\/www.aqve.com\\\/en\\\/about\\\/accreditation-by-the-scc\\\/\",\"url\":\"https:\\\/\\\/www.aqve.com\\\/en\\\/about\\\/accreditation-by-the-scc\\\/\",\"name\":\"Accreditation by the SCC - AQVE\",\"isPartOf\":{\"@id\":\"https:\\\/\\\/www.aqve.com\\\/en\\\/#website\"},\"datePublished\":\"2021-11-22T20:11:46+00:00\",\"dateModified\":\"2021-11-24T03:12:29+00:00\",\"description\":\"L'AQVE est fi\u00e8re d'avoir obtenu la certification de qualit\u00e9 du Conseil Canadien des Normes (CCN) depuis 2006.\",\"breadcrumb\":{\"@id\":\"https:\\\/\\\/www.aqve.com\\\/en\\\/about\\\/accreditation-by-the-scc\\\/#breadcrumb\"},\"inLanguage\":\"en-US\",\"potentialAction\":[{\"@type\":\"ReadAction\",\"target\":[\"https:\\\/\\\/www.aqve.com\\\/en\\\/about\\\/accreditation-by-the-scc\\\/\"]}]},{\"@type\":\"BreadcrumbList\",\"@id\":\"https:\\\/\\\/www.aqve.com\\\/en\\\/about\\\/accreditation-by-the-scc\\\/#breadcrumb\",\"itemListElement\":[{\"@type\":\"ListItem\",\"position\":1,\"name\":\"Home\",\"item\":\"https:\\\/\\\/www.aqve.com\\\/en\\\/\"},{\"@type\":\"ListItem\",\"position\":2,\"name\":\"About\",\"item\":\"https:\\\/\\\/www.aqve.com\\\/en\\\/about\\\/\"},{\"@type\":\"ListItem\",\"position\":3,\"name\":\"Accreditation by the SCC\"}]},{\"@type\":\"WebSite\",\"@id\":\"https:\\\/\\\/www.aqve.com\\\/en\\\/#website\",\"url\":\"https:\\\/\\\/www.aqve.com\\\/en\\\/\",\"name\":\"AQVE\",\"description\":\"Quebec Association of Environmental Auditing\",\"publisher\":{\"@id\":\"https:\\\/\\\/www.aqve.com\\\/en\\\/#organization\"},\"potentialAction\":[{\"@type\":\"SearchAction\",\"target\":{\"@type\":\"EntryPoint\",\"urlTemplate\":\"https:\\\/\\\/www.aqve.com\\\/en\\\/?s={search_term_string}\"},\"query-input\":{\"@type\":\"PropertyValueSpecification\",\"valueRequired\":true,\"valueName\":\"search_term_string\"}}],\"inLanguage\":\"en-US\"},{\"@type\":\"Organization\",\"@id\":\"https:\\\/\\\/www.aqve.com\\\/en\\\/#organization\",\"name\":\"AQVE\",\"url\":\"https:\\\/\\\/www.aqve.com\\\/en\\\/\",\"logo\":{\"@type\":\"ImageObject\",\"inLanguage\":\"en-US\",\"@id\":\"https:\\\/\\\/www.aqve.com\\\/en\\\/#\\\/schema\\\/logo\\\/image\\\/\",\"url\":\"https:\\\/\\\/www.aqve.com\\\/wp-content\\\/uploads\\\/2021\\\/11\\\/logo-AQVE-300x182-1.jpeg\",\"contentUrl\":\"https:\\\/\\\/www.aqve.com\\\/wp-content\\\/uploads\\\/2021\\\/11\\\/logo-AQVE-300x182-1.jpeg\",\"width\":300,\"height\":182,\"caption\":\"AQVE\"},\"image\":{\"@id\":\"https:\\\/\\\/www.aqve.com\\\/en\\\/#\\\/schema\\\/logo\\\/image\\\/\"}}]}<\/script>\n<!-- \/ Yoast SEO plugin. -->","yoast_head_json":{"title":"Accreditation by the SCC - AQVE","description":"L'AQVE est fi\u00e8re d'avoir obtenu la certification de qualit\u00e9 du Conseil Canadien des Normes (CCN) depuis 2006.","robots":{"index":"index","follow":"follow","max-snippet":"max-snippet:-1","max-image-preview":"max-image-preview:large","max-video-preview":"max-video-preview:-1"},"canonical":"https:\/\/www.aqve.com\/en\/about\/accreditation-by-the-scc\/","og_locale":"en_US","og_type":"article","og_title":"Accreditation by the SCC - AQVE","og_description":"L'AQVE est fi\u00e8re d'avoir obtenu la certification de qualit\u00e9 du Conseil Canadien des Normes (CCN) depuis 2006.","og_url":"https:\/\/www.aqve.com\/en\/about\/accreditation-by-the-scc\/","og_site_name":"AQVE","article_modified_time":"2021-11-24T03:12:29+00:00","og_image":[{"url":"http:\/\/aqve.creatures.ca\/wp-content\/uploads\/2021\/07\/AQVE_hero_apropos-02.jpg","type":"","width":"","height":""}],"twitter_card":"summary_large_image","twitter_title":"Accreditation by the SCC - AQVE","twitter_description":"L'AQVE est fi\u00e8re d'avoir obtenu la certification de qualit\u00e9 du Conseil Canadien des Normes (CCN) depuis 2006.","twitter_image":"http:\/\/aqve.creatures.ca\/wp-content\/uploads\/2021\/07\/AQVE_hero_apropos-02.jpg","twitter_misc":{"Est. reading time":"1 minute"},"schema":{"@context":"https:\/\/schema.org","@graph":[{"@type":"WebPage","@id":"https:\/\/www.aqve.com\/en\/about\/accreditation-by-the-scc\/","url":"https:\/\/www.aqve.com\/en\/about\/accreditation-by-the-scc\/","name":"Accreditation by the SCC - AQVE","isPartOf":{"@id":"https:\/\/www.aqve.com\/en\/#website"},"datePublished":"2021-11-22T20:11:46+00:00","dateModified":"2021-11-24T03:12:29+00:00","description":"L'AQVE est fi\u00e8re d'avoir obtenu la certification de qualit\u00e9 du Conseil Canadien des Normes (CCN) depuis 2006.","breadcrumb":{"@id":"https:\/\/www.aqve.com\/en\/about\/accreditation-by-the-scc\/#breadcrumb"},"inLanguage":"en-US","potentialAction":[{"@type":"ReadAction","target":["https:\/\/www.aqve.com\/en\/about\/accreditation-by-the-scc\/"]}]},{"@type":"BreadcrumbList","@id":"https:\/\/www.aqve.com\/en\/about\/accreditation-by-the-scc\/#breadcrumb","itemListElement":[{"@type":"ListItem","position":1,"name":"Home","item":"https:\/\/www.aqve.com\/en\/"},{"@type":"ListItem","position":2,"name":"About","item":"https:\/\/www.aqve.com\/en\/about\/"},{"@type":"ListItem","position":3,"name":"Accreditation by the SCC"}]},{"@type":"WebSite","@id":"https:\/\/www.aqve.com\/en\/#website","url":"https:\/\/www.aqve.com\/en\/","name":"AQVE","description":"Quebec Association of Environmental Auditing","publisher":{"@id":"https:\/\/www.aqve.com\/en\/#organization"},"potentialAction":[{"@type":"SearchAction","target":{"@type":"EntryPoint","urlTemplate":"https:\/\/www.aqve.com\/en\/?s={search_term_string}"},"query-input":{"@type":"PropertyValueSpecification","valueRequired":true,"valueName":"search_term_string"}}],"inLanguage":"en-US"},{"@type":"Organization","@id":"https:\/\/www.aqve.com\/en\/#organization","name":"AQVE","url":"https:\/\/www.aqve.com\/en\/","logo":{"@type":"ImageObject","inLanguage":"en-US","@id":"https:\/\/www.aqve.com\/en\/#\/schema\/logo\/image\/","url":"https:\/\/www.aqve.com\/wp-content\/uploads\/2021\/11\/logo-AQVE-300x182-1.jpeg","contentUrl":"https:\/\/www.aqve.com\/wp-content\/uploads\/2021\/11\/logo-AQVE-300x182-1.jpeg","width":300,"height":182,"caption":"AQVE"},"image":{"@id":"https:\/\/www.aqve.com\/en\/#\/schema\/logo\/image\/"}}]}},"_links":{"self":[{"href":"https:\/\/www.aqve.com\/en\/wp-json\/wp\/v2\/pages\/3243","targetHints":{"allow":["GET"]}}],"collection":[{"href":"https:\/\/www.aqve.com\/en\/wp-json\/wp\/v2\/pages"}],"about":[{"href":"https:\/\/www.aqve.com\/en\/wp-json\/wp\/v2\/types\/page"}],"author":[{"embeddable":true,"href":"https:\/\/www.aqve.com\/en\/wp-json\/wp\/v2\/users\/1"}],"replies":[{"embeddable":true,"href":"https:\/\/www.aqve.com\/en\/wp-json\/wp\/v2\/comments?post=3243"}],"version-history":[{"count":0,"href":"https:\/\/www.aqve.com\/en\/wp-json\/wp\/v2\/pages\/3243\/revisions"}],"up":[{"embeddable":true,"href":"https:\/\/www.aqve.com\/en\/wp-json\/wp\/v2\/pages\/3298"}],"wp:attachment":[{"href":"https:\/\/www.aqve.com\/en\/wp-json\/wp\/v2\/media?parent=3243"}],"curies":[{"name":"wp","href":"https:\/\/api.w.org\/{rel}","templated":true}]}}