{"id":1747,"date":"2021-08-25T15:42:14","date_gmt":"2021-08-25T19:42:14","guid":{"rendered":"https:\/\/aqve.creatures.ca\/certified-members-list\/"},"modified":"2022-06-29T11:21:05","modified_gmt":"2022-06-29T15:21:05","slug":"certified-members-list","status":"publish","type":"page","link":"https:\/\/www.aqve.com\/en\/certified\/why-require-a-certified-professionnel\/certified-members-list\/","title":{"rendered":"Certified members list"},"content":{"rendered":"\t\t<div data-elementor-type=\"wp-page\" data-elementor-id=\"1747\" class=\"elementor elementor-1747 elementor-372\" data-elementor-post-type=\"page\">\n\t\t\t\t\t\t<section class=\"elementor-section elementor-top-section elementor-element elementor-element-1ffb29d4 elementor-section-stretched elementor-section-boxed elementor-section-height-default elementor-section-height-default\" data-id=\"1ffb29d4\" data-element_type=\"section\" data-e-type=\"section\" data-settings=\"{&quot;stretch_section&quot;:&quot;section-stretched&quot;,&quot;background_background&quot;:&quot;classic&quot;}\">\n\t\t\t\t\t\t<div class=\"elementor-container elementor-column-gap-default\">\n\t\t\t\t\t<div class=\"elementor-column elementor-col-100 elementor-top-column elementor-element elementor-element-6756b68\" data-id=\"6756b68\" data-element_type=\"column\" data-e-type=\"column\">\n\t\t\t<div class=\"elementor-widget-wrap elementor-element-populated\">\n\t\t\t\t\t\t<div class=\"elementor-element elementor-element-5d0edc6b elementor-widget elementor-widget-heading\" data-id=\"5d0edc6b\" data-element_type=\"widget\" data-e-type=\"widget\" data-widget_type=\"heading.default\">\n\t\t\t\t<div class=\"elementor-widget-container\">\n\t\t\t\t\t<h1 class=\"elementor-heading-title elementor-size-default\">Certified members list<\/h1>\t\t\t\t<\/div>\n\t\t\t\t<\/div>\n\t\t\t\t\t<\/div>\n\t\t<\/div>\n\t\t\t\t\t<\/div>\n\t\t<\/section>\n\t\t\t\t<section class=\"elementor-section elementor-top-section elementor-element elementor-element-3a227df6 elementor-section-stretched elementor-section-boxed elementor-section-height-default elementor-section-height-default\" data-id=\"3a227df6\" data-element_type=\"section\" data-e-type=\"section\" data-settings=\"{&quot;stretch_section&quot;:&quot;section-stretched&quot;,&quot;background_background&quot;:&quot;classic&quot;}\">\n\t\t\t\t\t\t\t<div class=\"elementor-background-overlay\"><\/div>\n\t\t\t\t\t\t\t<div class=\"elementor-container elementor-column-gap-no\">\n\t\t\t\t\t<div class=\"elementor-column elementor-col-66 elementor-top-column elementor-element elementor-element-1a9ac98e\" data-id=\"1a9ac98e\" data-element_type=\"column\" data-e-type=\"column\" data-settings=\"{&quot;background_background&quot;:&quot;classic&quot;}\">\n\t\t\t<div class=\"elementor-widget-wrap elementor-element-populated\">\n\t\t\t\t\t\t<div class=\"elementor-element elementor-element-5b7a8e1b elementor-widget elementor-widget-global elementor-global-2372 elementor-widget-breadcrumbs\" data-id=\"5b7a8e1b\" data-element_type=\"widget\" data-e-type=\"widget\" data-widget_type=\"breadcrumbs.default\">\n\t\t\t\t<div class=\"elementor-widget-container\">\n\t\t\t\t\t<p id=\"breadcrumbs\"><span><span><a href=\"https:\/\/www.aqve.com\/en\/\">Home<\/a><\/span><\/span><\/p>\t\t\t\t<\/div>\n\t\t\t\t<\/div>\n\t\t\t\t<div class=\"elementor-element elementor-element-7fee4fc4 elementor-widget-divider--view-line elementor-widget elementor-widget-global elementor-global-2375 elementor-widget-divider\" data-id=\"7fee4fc4\" data-element_type=\"widget\" data-e-type=\"widget\" data-widget_type=\"divider.default\">\n\t\t\t\t<div class=\"elementor-widget-container\">\n\t\t\t\t\t\t\t<div class=\"elementor-divider\">\n\t\t\t<span class=\"elementor-divider-separator\">\n\t\t\t\t\t\t<\/span>\n\t\t<\/div>\n\t\t\t\t\t\t<\/div>\n\t\t\t\t<\/div>\n\t\t\t\t<div class=\"elementor-element elementor-element-7f19b63f elementor-widget elementor-widget-heading\" data-id=\"7f19b63f\" data-element_type=\"widget\" data-e-type=\"widget\" data-widget_type=\"heading.default\">\n\t\t\t\t<div class=\"elementor-widget-container\">\n\t\t\t\t\t<h2 class=\"elementor-heading-title elementor-size-default\">Choosing competence<\/h2>\t\t\t\t<\/div>\n\t\t\t\t<\/div>\n\t\t\t\t<div class=\"elementor-element elementor-element-78245649 elementor-widget elementor-widget-text-editor\" data-id=\"78245649\" data-element_type=\"widget\" data-e-type=\"widget\" data-widget_type=\"text-editor.default\">\n\t\t\t\t<div class=\"elementor-widget-container\">\n\t\t\t\t\t\t\t\t\t<p>Contract givers are more and more demanding when it comes to the titles CEA\u2122 and CESA\u2122.\u00a0The Certified Environmental Auditor (CEA\u2122) is qualified to conduct compliance audits (ECAs) and environmental management system (EMS) audits.\u00a0The Environmental Site Assessor (CESA\u2122) is qualified to conduct environmental site assessments.<\/p>\n\t\t\t\t\t\t\t\t<\/div>\n\t\t\t\t<\/div>\n\t\t\t\t<div class=\"elementor-element elementor-element-a53a973 elementor-icon-list--layout-traditional elementor-list-item-link-full_width elementor-widget elementor-widget-icon-list\" data-id=\"a53a973\" data-element_type=\"widget\" data-e-type=\"widget\" data-widget_type=\"icon-list.default\">\n\t\t\t\t<div class=\"elementor-widget-container\">\n\t\t\t\t\t\t\t<ul class=\"elementor-icon-list-items\">\n\t\t\t\t\t\t\t<li class=\"elementor-icon-list-item\">\n\t\t\t\t\t\t\t\t\t\t\t<a href=\"https:\/\/www.aqve.com\/wp-content\/uploads\/2022\/06\/Bottin-EESA_juin-2022.pdf\">\n\n\t\t\t\t\t\t\t\t\t\t\t\t<span class=\"elementor-icon-list-icon\">\n\t\t\t\t\t\t\t<i aria-hidden=\"true\" class=\"far fa-file-pdf\"><\/i>\t\t\t\t\t\t<\/span>\n\t\t\t\t\t\t\t\t\t\t<span class=\"elementor-icon-list-text\">Certified members list - CESA\u2122<\/span>\n\t\t\t\t\t\t\t\t\t\t\t<\/a>\n\t\t\t\t\t\t\t\t\t<\/li>\n\t\t\t\t\t\t\t\t<li class=\"elementor-icon-list-item\">\n\t\t\t\t\t\t\t\t\t\t\t<a href=\"https:\/\/www.aqve.com\/wp-content\/uploads\/2022\/06\/BottinVEA_juin-2022.pdf\">\n\n\t\t\t\t\t\t\t\t\t\t\t\t<span class=\"elementor-icon-list-icon\">\n\t\t\t\t\t\t\t<i aria-hidden=\"true\" class=\"far fa-file-pdf\"><\/i>\t\t\t\t\t\t<\/span>\n\t\t\t\t\t\t\t\t\t\t<span class=\"elementor-icon-list-text\">Certified members list - CEA\u2122<\/span>\n\t\t\t\t\t\t\t\t\t\t\t<\/a>\n\t\t\t\t\t\t\t\t\t<\/li>\n\t\t\t\t\t\t\t\t<li class=\"elementor-icon-list-item\">\n\t\t\t\t\t\t\t\t\t\t\t<a href=\"https:\/\/www.aqve.com\/wp-content\/uploads\/2022\/06\/BottinTECH_juin-2022-1.pdf\">\n\n\t\t\t\t\t\t\t\t\t\t\t\t<span class=\"elementor-icon-list-icon\">\n\t\t\t\t\t\t\t<i aria-hidden=\"true\" class=\"far fa-file-pdf\"><\/i>\t\t\t\t\t\t<\/span>\n\t\t\t\t\t\t\t\t\t\t<span class=\"elementor-icon-list-text\">Certifed members list  - TECHNICIAN<\/span>\n\t\t\t\t\t\t\t\t\t\t\t<\/a>\n\t\t\t\t\t\t\t\t\t<\/li>\n\t\t\t\t\t\t<\/ul>\n\t\t\t\t\t\t<\/div>\n\t\t\t\t<\/div>\n\t\t\t\t\t<\/div>\n\t\t<\/div>\n\t\t\t\t<div class=\"elementor-column elementor-col-33 elementor-top-column elementor-element elementor-element-3c195ca5 elementor-hidden-tablet elementor-hidden-mobile colonne-sticky\" data-id=\"3c195ca5\" data-element_type=\"column\" data-e-type=\"column\" data-settings=\"{&quot;background_background&quot;:&quot;classic&quot;}\">\n\t\t\t<div class=\"elementor-widget-wrap elementor-element-populated\">\n\t\t\t\t\t\t<section class=\"elementor-section elementor-inner-section elementor-element elementor-element-69af3b46 elementor-section-boxed elementor-section-height-default elementor-section-height-default\" data-id=\"69af3b46\" data-element_type=\"section\" data-e-type=\"section\">\n\t\t\t\t\t\t<div class=\"elementor-container elementor-column-gap-default\">\n\t\t\t\t\t<div class=\"elementor-column elementor-col-100 elementor-inner-column elementor-element elementor-element-d625310\" data-id=\"d625310\" data-element_type=\"column\" data-e-type=\"column\" data-settings=\"{&quot;background_background&quot;:&quot;classic&quot;}\">\n\t\t\t<div class=\"elementor-widget-wrap elementor-element-populated\">\n\t\t\t\t\t\t<div class=\"elementor-element elementor-element-28918d25 elementor-widget elementor-widget-heading\" data-id=\"28918d25\" data-element_type=\"widget\" data-e-type=\"widget\" data-widget_type=\"heading.default\">\n\t\t\t\t<div class=\"elementor-widget-container\">\n\t\t\t\t\t<h3 class=\"elementor-heading-title elementor-size-default\">Certified<\/h3>\t\t\t\t<\/div>\n\t\t\t\t<\/div>\n\t\t\t\t<div class=\"elementor-element elementor-element-5a38312a elementor-widget-divider--view-line elementor-widget elementor-widget-divider\" data-id=\"5a38312a\" data-element_type=\"widget\" data-e-type=\"widget\" data-widget_type=\"divider.default\">\n\t\t\t\t<div class=\"elementor-widget-container\">\n\t\t\t\t\t\t\t<div class=\"elementor-divider\">\n\t\t\t<span class=\"elementor-divider-separator\">\n\t\t\t\t\t\t<\/span>\n\t\t<\/div>\n\t\t\t\t\t\t<\/div>\n\t\t\t\t<\/div>\n\t\t\t\t<div class=\"elementor-element elementor-element-66cd8abe elementor-nav-menu__text-align-aside elementor-widget elementor-widget-global elementor-global-2466 elementor-widget-nav-menu\" data-id=\"66cd8abe\" data-element_type=\"widget\" data-e-type=\"widget\" data-settings=\"{&quot;layout&quot;:&quot;dropdown&quot;,&quot;submenu_icon&quot;:{&quot;value&quot;:&quot;fas fa-angle-down&quot;,&quot;library&quot;:&quot;fa-solid&quot;}}\" data-widget_type=\"nav-menu.default\">\n\t\t\t\t<div class=\"elementor-widget-container\">\n\t\t\t\t\t\t\t\t<nav class=\"elementor-nav-menu--dropdown elementor-nav-menu__container\" aria-hidden=\"true\">\n\t\t\t\t<ul id=\"menu-2-66cd8abe\" class=\"elementor-nav-menu\"><li class=\"menu-item menu-item-type-custom menu-item-object-custom menu-item-has-children menu-item-3281\"><a class=\"elementor-item\" tabindex=\"-1\">General informations<\/a>\n<ul class=\"sub-menu elementor-nav-menu--dropdown\">\n\t<li class=\"menu-item menu-item-type-post_type menu-item-object-page menu-item-3288\"><a href=\"https:\/\/www.aqve.com\/en\/certified\/general-informations\/certified-environmental-site-assessor\/\" class=\"elementor-sub-item\" tabindex=\"-1\">Certified Environmental Site Assessor<\/a><\/li>\n\t<li class=\"menu-item menu-item-type-post_type menu-item-object-page menu-item-3285\"><a href=\"https:\/\/www.aqve.com\/en\/certified\/general-informations\/certified-environmental-auditor\/\" class=\"elementor-sub-item\" tabindex=\"-1\">Certified Environmental Auditor<\/a><\/li>\n\t<li class=\"menu-item menu-item-type-post_type menu-item-object-page menu-item-3286\"><a href=\"https:\/\/www.aqve.com\/en\/certified\/general-informations\/code-of-good-practice\/\" class=\"elementor-sub-item\" tabindex=\"-1\">Code of good practice<\/a><\/li>\n<\/ul>\n<\/li>\n<li class=\"menu-item menu-item-type-custom menu-item-object-custom menu-item-has-children menu-item-3282\"><a class=\"elementor-item\" tabindex=\"-1\">Why require a certified professional<\/a>\n<ul class=\"sub-menu elementor-nav-menu--dropdown\">\n\t<li class=\"menu-item menu-item-type-post_type menu-item-object-page menu-item-3289\"><a href=\"https:\/\/www.aqve.com\/en\/certified\/why-require-a-certified-professionnel\/certified-members-list\/\" class=\"elementor-sub-item\" tabindex=\"-1\">Certified members list<\/a><\/li>\n\t<li class=\"menu-item menu-item-type-post_type menu-item-object-page menu-item-3696\"><a href=\"https:\/\/www.aqve.com\/en\/certified\/why-require-a-certified-professionnel\/disciplinary-procedure-and-other-recourses\/\" class=\"elementor-sub-item\" tabindex=\"-1\">Disciplinary procedure and other recourses<\/a><\/li>\n<\/ul>\n<\/li>\n<li class=\"menu-item menu-item-type-custom menu-item-object-custom menu-item-has-children menu-item-3283\"><a class=\"elementor-item\" tabindex=\"-1\">Applying for certification<\/a>\n<ul class=\"sub-menu elementor-nav-menu--dropdown\">\n\t<li class=\"menu-item menu-item-type-post_type menu-item-object-page menu-item-3284\"><a href=\"https:\/\/www.aqve.com\/en\/certified\/applying-for-certification\/certification-process-criteria\/\" class=\"elementor-sub-item\" tabindex=\"-1\">Certification process and criteria<\/a><\/li>\n\t<li class=\"menu-item menu-item-type-post_type menu-item-object-page menu-item-3782\"><a href=\"https:\/\/www.aqve.com\/en\/certified\/applying-for-certification\/fee-schedule-for-certified-members\/\" class=\"elementor-sub-item\" tabindex=\"-1\">Fee schedule for certified members<\/a><\/li>\n\t<li class=\"menu-item menu-item-type-post_type menu-item-object-page menu-item-3718\"><a href=\"https:\/\/www.aqve.com\/en\/certified\/applying-for-certification\/annual-calendar\/\" class=\"elementor-sub-item\" tabindex=\"-1\">Annual calendar<\/a><\/li>\n<\/ul>\n<\/li>\n<\/ul>\t\t\t<\/nav>\n\t\t\t\t\t\t<\/div>\n\t\t\t\t<\/div>\n\t\t\t\t\t<\/div>\n\t\t<\/div>\n\t\t\t\t\t<\/div>\n\t\t<\/section>\n\t\t\t\t<section class=\"elementor-section elementor-inner-section elementor-element elementor-element-12fee126 elementor-section-boxed elementor-section-height-default elementor-section-height-default\" data-id=\"12fee126\" data-element_type=\"section\" data-e-type=\"section\">\n\t\t\t\t\t\t<div class=\"elementor-container elementor-column-gap-default\">\n\t\t\t\t\t<div class=\"elementor-column elementor-col-100 elementor-inner-column elementor-element elementor-element-4b517846\" data-id=\"4b517846\" data-element_type=\"column\" data-e-type=\"column\" data-settings=\"{&quot;background_background&quot;:&quot;classic&quot;}\">\n\t\t\t<div class=\"elementor-widget-wrap elementor-element-populated\">\n\t\t\t\t\t\t<div class=\"elementor-element elementor-element-2ea59b87 elementor-widget elementor-widget-heading\" data-id=\"2ea59b87\" data-element_type=\"widget\" data-e-type=\"widget\" data-widget_type=\"heading.default\">\n\t\t\t\t<div class=\"elementor-widget-container\">\n\t\t\t\t\t<h3 class=\"elementor-heading-title elementor-size-default\">Linked Contents<\/h3>\t\t\t\t<\/div>\n\t\t\t\t<\/div>\n\t\t\t\t<div class=\"elementor-element elementor-element-57a53df1 elementor-widget-divider--view-line elementor-widget elementor-widget-divider\" data-id=\"57a53df1\" data-element_type=\"widget\" data-e-type=\"widget\" data-widget_type=\"divider.default\">\n\t\t\t\t<div class=\"elementor-widget-container\">\n\t\t\t\t\t\t\t<div class=\"elementor-divider\">\n\t\t\t<span class=\"elementor-divider-separator\">\n\t\t\t\t\t\t<\/span>\n\t\t<\/div>\n\t\t\t\t\t\t<\/div>\n\t\t\t\t<\/div>\n\t\t\t\t<div class=\"elementor-element elementor-element-3b347a6f elementor-widget elementor-widget-text-editor\" data-id=\"3b347a6f\" data-element_type=\"widget\" data-e-type=\"widget\" data-widget_type=\"text-editor.default\">\n\t\t\t\t<div class=\"elementor-widget-container\">\n\t\t\t\t\t\t\t\t\t<p><mark><a href=\"https:\/\/aqve.creatures.ca\/agrees\/pourquoi-choisir-un-agree\/criteres-pour-trouver-un-agree\/\">Crit\u00e8res pour trouver un agr\u00e9\u00e9<\/a><\/mark><\/p>\n<p><a href=\"\/en\/certified\/general-informations\/certified-environmental-site-assessor\/\">Certified environmental site assessor<\/a><\/p>\n<p><a href=\"\/en\/certified\/general-informations\/certified-environmental-auditor\/\">Certified environmental auditor<\/a><\/p>\n\t\t\t\t\t\t\t\t<\/div>\n\t\t\t\t<\/div>\n\t\t\t\t\t<\/div>\n\t\t<\/div>\n\t\t\t\t\t<\/div>\n\t\t<\/section>\n\t\t\t\t\t<\/div>\n\t\t<\/div>\n\t\t\t\t\t<\/div>\n\t\t<\/section>\n\t\t\t\t<\/div>\n\t\t","protected":false},"excerpt":{"rendered":"<p>Choosing competence Contract givers are more and more demanding when it comes to the titles CEA\u2122 and CESA\u2122.\u00a0The Certified Environmental Auditor (CEA\u2122) is qualified to conduct compliance audits (ECAs) and environmental management system (EMS) audits.\u00a0The Environmental Site Assessor (CESA\u2122) is qualified to conduct environmental site assessments. Certified members list &#8211; CESA\u2122 Certified members list &#8211; [&hellip;]<\/p>\n","protected":false},"author":1,"featured_media":0,"parent":3676,"menu_order":0,"comment_status":"closed","ping_status":"closed","template":"","meta":{"inline_featured_image":false,"footnotes":""},"class_list":["post-1747","page","type-page","status-publish","hentry"],"yoast_head":"<!-- This site is optimized with the Yoast SEO plugin v27.2 - https:\/\/yoast.com\/product\/yoast-seo-wordpress\/ -->\n<title>Certified members list - AQVE<\/title>\n<meta name=\"robots\" content=\"index, follow, max-snippet:-1, max-image-preview:large, max-video-preview:-1\" \/>\n<link rel=\"canonical\" href=\"https:\/\/www.aqve.com\/en\/certified\/why-require-a-certified-professionnel\/certified-members-list\/\" \/>\n<meta property=\"og:locale\" content=\"en_US\" \/>\n<meta property=\"og:type\" content=\"article\" \/>\n<meta property=\"og:title\" content=\"Certified members list - AQVE\" \/>\n<meta property=\"og:description\" content=\"Choosing competence Contract givers are more and more demanding when it comes to the titles CEA\u2122 and CESA\u2122.\u00a0The Certified Environmental Auditor (CEA\u2122) is qualified to conduct compliance audits (ECAs) and environmental management system (EMS) audits.\u00a0The Environmental Site Assessor (CESA\u2122) is qualified to conduct environmental site assessments. Certified members list &#8211; CESA\u2122 Certified members list &#8211; [&hellip;]\" \/>\n<meta property=\"og:url\" content=\"https:\/\/www.aqve.com\/en\/certified\/why-require-a-certified-professionnel\/certified-members-list\/\" \/>\n<meta property=\"og:site_name\" content=\"AQVE\" \/>\n<meta property=\"article:modified_time\" content=\"2022-06-29T15:21:05+00:00\" \/>\n<meta name=\"twitter:card\" content=\"summary_large_image\" \/>\n<meta name=\"twitter:label1\" content=\"Est. reading time\" \/>\n\t<meta name=\"twitter:data1\" content=\"1 minute\" \/>\n<script type=\"application\/ld+json\" class=\"yoast-schema-graph\">{\"@context\":\"https:\/\/schema.org\",\"@graph\":[{\"@type\":\"WebPage\",\"@id\":\"https:\/\/www.aqve.com\/en\/certified\/why-require-a-certified-professionnel\/certified-members-list\/\",\"url\":\"https:\/\/www.aqve.com\/en\/certified\/why-require-a-certified-professionnel\/certified-members-list\/\",\"name\":\"Certified members list - AQVE\",\"isPartOf\":{\"@id\":\"https:\/\/www.aqve.com\/en\/#website\"},\"datePublished\":\"2021-08-25T19:42:14+00:00\",\"dateModified\":\"2022-06-29T15:21:05+00:00\",\"breadcrumb\":{\"@id\":\"https:\/\/www.aqve.com\/en\/certified\/why-require-a-certified-professionnel\/certified-members-list\/#breadcrumb\"},\"inLanguage\":\"en-US\",\"potentialAction\":[{\"@type\":\"ReadAction\",\"target\":[\"https:\/\/www.aqve.com\/en\/certified\/why-require-a-certified-professionnel\/certified-members-list\/\"]}]},{\"@type\":\"BreadcrumbList\",\"@id\":\"https:\/\/www.aqve.com\/en\/certified\/why-require-a-certified-professionnel\/certified-members-list\/#breadcrumb\",\"itemListElement\":[{\"@type\":\"ListItem\",\"position\":1,\"name\":\"Home\",\"item\":\"https:\/\/www.aqve.com\/en\/\"},{\"@type\":\"ListItem\",\"position\":2,\"name\":\"Certified\",\"item\":\"https:\/\/www.aqve.com\/en\/certified\/\"},{\"@type\":\"ListItem\",\"position\":3,\"name\":\"Why require a certified professionnel\",\"item\":\"https:\/\/www.aqve.com\/en\/certified\/why-require-a-certified-professionnel\/\"},{\"@type\":\"ListItem\",\"position\":4,\"name\":\"Certified members list\"}]},{\"@type\":\"WebSite\",\"@id\":\"https:\/\/www.aqve.com\/en\/#website\",\"url\":\"https:\/\/www.aqve.com\/en\/\",\"name\":\"AQVE\",\"description\":\"Quebec Association of Environmental Auditing\",\"publisher\":{\"@id\":\"https:\/\/www.aqve.com\/en\/#organization\"},\"potentialAction\":[{\"@type\":\"SearchAction\",\"target\":{\"@type\":\"EntryPoint\",\"urlTemplate\":\"https:\/\/www.aqve.com\/en\/?s={search_term_string}\"},\"query-input\":{\"@type\":\"PropertyValueSpecification\",\"valueRequired\":true,\"valueName\":\"search_term_string\"}}],\"inLanguage\":\"en-US\"},{\"@type\":\"Organization\",\"@id\":\"https:\/\/www.aqve.com\/en\/#organization\",\"name\":\"AQVE\",\"url\":\"https:\/\/www.aqve.com\/en\/\",\"logo\":{\"@type\":\"ImageObject\",\"inLanguage\":\"en-US\",\"@id\":\"https:\/\/www.aqve.com\/en\/#\/schema\/logo\/image\/\",\"url\":\"https:\/\/www.aqve.com\/wp-content\/uploads\/2021\/11\/logo-AQVE-300x182-1.jpeg\",\"contentUrl\":\"https:\/\/www.aqve.com\/wp-content\/uploads\/2021\/11\/logo-AQVE-300x182-1.jpeg\",\"width\":300,\"height\":182,\"caption\":\"AQVE\"},\"image\":{\"@id\":\"https:\/\/www.aqve.com\/en\/#\/schema\/logo\/image\/\"}}]}<\/script>\n<!-- \/ Yoast SEO plugin. -->","yoast_head_json":{"title":"Certified members list - AQVE","robots":{"index":"index","follow":"follow","max-snippet":"max-snippet:-1","max-image-preview":"max-image-preview:large","max-video-preview":"max-video-preview:-1"},"canonical":"https:\/\/www.aqve.com\/en\/certified\/why-require-a-certified-professionnel\/certified-members-list\/","og_locale":"en_US","og_type":"article","og_title":"Certified members list - AQVE","og_description":"Choosing competence Contract givers are more and more demanding when it comes to the titles CEA\u2122 and CESA\u2122.\u00a0The Certified Environmental Auditor (CEA\u2122) is qualified to conduct compliance audits (ECAs) and environmental management system (EMS) audits.\u00a0The Environmental Site Assessor (CESA\u2122) is qualified to conduct environmental site assessments. Certified members list &#8211; CESA\u2122 Certified members list &#8211; [&hellip;]","og_url":"https:\/\/www.aqve.com\/en\/certified\/why-require-a-certified-professionnel\/certified-members-list\/","og_site_name":"AQVE","article_modified_time":"2022-06-29T15:21:05+00:00","twitter_card":"summary_large_image","twitter_misc":{"Est. reading time":"1 minute"},"schema":{"@context":"https:\/\/schema.org","@graph":[{"@type":"WebPage","@id":"https:\/\/www.aqve.com\/en\/certified\/why-require-a-certified-professionnel\/certified-members-list\/","url":"https:\/\/www.aqve.com\/en\/certified\/why-require-a-certified-professionnel\/certified-members-list\/","name":"Certified members list - AQVE","isPartOf":{"@id":"https:\/\/www.aqve.com\/en\/#website"},"datePublished":"2021-08-25T19:42:14+00:00","dateModified":"2022-06-29T15:21:05+00:00","breadcrumb":{"@id":"https:\/\/www.aqve.com\/en\/certified\/why-require-a-certified-professionnel\/certified-members-list\/#breadcrumb"},"inLanguage":"en-US","potentialAction":[{"@type":"ReadAction","target":["https:\/\/www.aqve.com\/en\/certified\/why-require-a-certified-professionnel\/certified-members-list\/"]}]},{"@type":"BreadcrumbList","@id":"https:\/\/www.aqve.com\/en\/certified\/why-require-a-certified-professionnel\/certified-members-list\/#breadcrumb","itemListElement":[{"@type":"ListItem","position":1,"name":"Home","item":"https:\/\/www.aqve.com\/en\/"},{"@type":"ListItem","position":2,"name":"Certified","item":"https:\/\/www.aqve.com\/en\/certified\/"},{"@type":"ListItem","position":3,"name":"Why require a certified professionnel","item":"https:\/\/www.aqve.com\/en\/certified\/why-require-a-certified-professionnel\/"},{"@type":"ListItem","position":4,"name":"Certified members list"}]},{"@type":"WebSite","@id":"https:\/\/www.aqve.com\/en\/#website","url":"https:\/\/www.aqve.com\/en\/","name":"AQVE","description":"Quebec Association of Environmental Auditing","publisher":{"@id":"https:\/\/www.aqve.com\/en\/#organization"},"potentialAction":[{"@type":"SearchAction","target":{"@type":"EntryPoint","urlTemplate":"https:\/\/www.aqve.com\/en\/?s={search_term_string}"},"query-input":{"@type":"PropertyValueSpecification","valueRequired":true,"valueName":"search_term_string"}}],"inLanguage":"en-US"},{"@type":"Organization","@id":"https:\/\/www.aqve.com\/en\/#organization","name":"AQVE","url":"https:\/\/www.aqve.com\/en\/","logo":{"@type":"ImageObject","inLanguage":"en-US","@id":"https:\/\/www.aqve.com\/en\/#\/schema\/logo\/image\/","url":"https:\/\/www.aqve.com\/wp-content\/uploads\/2021\/11\/logo-AQVE-300x182-1.jpeg","contentUrl":"https:\/\/www.aqve.com\/wp-content\/uploads\/2021\/11\/logo-AQVE-300x182-1.jpeg","width":300,"height":182,"caption":"AQVE"},"image":{"@id":"https:\/\/www.aqve.com\/en\/#\/schema\/logo\/image\/"}}]}},"_links":{"self":[{"href":"https:\/\/www.aqve.com\/en\/wp-json\/wp\/v2\/pages\/1747","targetHints":{"allow":["GET"]}}],"collection":[{"href":"https:\/\/www.aqve.com\/en\/wp-json\/wp\/v2\/pages"}],"about":[{"href":"https:\/\/www.aqve.com\/en\/wp-json\/wp\/v2\/types\/page"}],"author":[{"embeddable":true,"href":"https:\/\/www.aqve.com\/en\/wp-json\/wp\/v2\/users\/1"}],"replies":[{"embeddable":true,"href":"https:\/\/www.aqve.com\/en\/wp-json\/wp\/v2\/comments?post=1747"}],"version-history":[{"count":0,"href":"https:\/\/www.aqve.com\/en\/wp-json\/wp\/v2\/pages\/1747\/revisions"}],"up":[{"embeddable":true,"href":"https:\/\/www.aqve.com\/en\/wp-json\/wp\/v2\/pages\/3676"}],"wp:attachment":[{"href":"https:\/\/www.aqve.com\/en\/wp-json\/wp\/v2\/media?parent=1747"}],"curies":[{"name":"wp","href":"https:\/\/api.w.org\/{rel}","templated":true}]}}