{"id":1712,"date":"2021-03-10T10:28:15","date_gmt":"2021-03-10T15:28:15","guid":{"rendered":"https:\/\/aqve.creatures.ca\/information-generale\/"},"modified":"2021-12-02T13:33:51","modified_gmt":"2021-12-02T18:33:51","slug":"informations-generales","status":"publish","type":"page","link":"https:\/\/www.aqve.com\/en\/about\/informations-generales\/","title":{"rendered":"General informations"},"content":{"rendered":"\t\t<div data-elementor-type=\"wp-page\" data-elementor-id=\"1712\" class=\"elementor elementor-1712 elementor-54\" data-elementor-post-type=\"page\">\n\t\t\t\t\t\t<section class=\"elementor-section elementor-top-section elementor-element elementor-element-375a218 elementor-section-stretched elementor-section-boxed elementor-section-height-default elementor-section-height-default\" data-id=\"375a218\" data-element_type=\"section\" data-e-type=\"section\" data-settings=\"{&quot;stretch_section&quot;:&quot;section-stretched&quot;,&quot;background_background&quot;:&quot;classic&quot;}\">\n\t\t\t\t\t\t<div class=\"elementor-container elementor-column-gap-default\">\n\t\t\t\t\t<div class=\"elementor-column elementor-col-100 elementor-top-column elementor-element elementor-element-225ba3cc\" data-id=\"225ba3cc\" data-element_type=\"column\" data-e-type=\"column\">\n\t\t\t<div class=\"elementor-widget-wrap elementor-element-populated\">\n\t\t\t\t\t\t<div class=\"elementor-element elementor-element-27266a7 elementor-widget elementor-widget-heading\" data-id=\"27266a7\" data-element_type=\"widget\" data-e-type=\"widget\" data-widget_type=\"heading.default\">\n\t\t\t\t<div class=\"elementor-widget-container\">\n\t\t\t\t\t<h1 class=\"elementor-heading-title elementor-size-default\">ABOUT<\/h1>\t\t\t\t<\/div>\n\t\t\t\t<\/div>\n\t\t\t\t\t<\/div>\n\t\t<\/div>\n\t\t\t\t\t<\/div>\n\t\t<\/section>\n\t\t\t\t<section class=\"elementor-section elementor-top-section elementor-element elementor-element-4748251c elementor-section-stretched elementor-section-boxed elementor-section-height-default elementor-section-height-default\" data-id=\"4748251c\" data-element_type=\"section\" data-e-type=\"section\" data-settings=\"{&quot;stretch_section&quot;:&quot;section-stretched&quot;,&quot;background_background&quot;:&quot;classic&quot;}\">\n\t\t\t\t\t\t\t<div class=\"elementor-background-overlay\"><\/div>\n\t\t\t\t\t\t\t<div class=\"elementor-container elementor-column-gap-no\">\n\t\t\t\t\t<div class=\"elementor-column elementor-col-66 elementor-top-column elementor-element elementor-element-22c254db\" data-id=\"22c254db\" data-element_type=\"column\" data-e-type=\"column\" data-settings=\"{&quot;background_background&quot;:&quot;classic&quot;}\">\n\t\t\t<div class=\"elementor-widget-wrap elementor-element-populated\">\n\t\t\t\t\t\t<div class=\"elementor-element elementor-element-d8eae17 elementor-widget elementor-widget-breadcrumbs\" data-id=\"d8eae17\" data-element_type=\"widget\" data-e-type=\"widget\" data-widget_type=\"breadcrumbs.default\">\n\t\t\t\t<div class=\"elementor-widget-container\">\n\t\t\t\t\t<p id=\"breadcrumbs\"><span><span><a href=\"https:\/\/www.aqve.com\/en\/\">Home<\/a><\/span><\/span><\/p>\t\t\t\t<\/div>\n\t\t\t\t<\/div>\n\t\t\t\t<div class=\"elementor-element elementor-element-48723ea elementor-widget-divider--view-line elementor-widget elementor-widget-divider\" data-id=\"48723ea\" data-element_type=\"widget\" data-e-type=\"widget\" data-widget_type=\"divider.default\">\n\t\t\t\t<div class=\"elementor-widget-container\">\n\t\t\t\t\t\t\t<div class=\"elementor-divider\">\n\t\t\t<span class=\"elementor-divider-separator\">\n\t\t\t\t\t\t<\/span>\n\t\t<\/div>\n\t\t\t\t\t\t<\/div>\n\t\t\t\t<\/div>\n\t\t\t\t<div class=\"elementor-element elementor-element-c0b2ce5 mauvre elementor-widget elementor-widget-heading\" data-id=\"c0b2ce5\" data-element_type=\"widget\" data-e-type=\"widget\" data-widget_type=\"heading.default\">\n\t\t\t\t<div class=\"elementor-widget-container\">\n\t\t\t\t\t<h2 class=\"elementor-heading-title elementor-size-default\"><mark>historique<\/mark><\/h2>\t\t\t\t<\/div>\n\t\t\t\t<\/div>\n\t\t\t\t<div class=\"elementor-element elementor-element-2de74836 elementor-widget elementor-widget-text-editor\" data-id=\"2de74836\" data-element_type=\"widget\" data-e-type=\"widget\" data-widget_type=\"text-editor.default\">\n\t\t\t\t<div class=\"elementor-widget-container\">\n\t\t\t\t\t\t\t\t\t<p><strong>Combler un besoin d&#8217;encadrement de la v\u00e9rification environnementale<\/strong><\/p>\n<p>N\u00e9e en 1992 de la volont\u00e9 de combler un besoin essentiel d&#8217;encadrement et d&#8217;\u00e9changes dans le domaine de la v\u00e9rification environnementale au Qu\u00e9bec, l&#8217;Association qu\u00e9b\u00e9coise de v\u00e9rification environnementale (AQVE) a adopt\u00e9 des R\u00e8glements g\u00e9n\u00e9raux pr\u00e9voyant notamment que celle-ci soit dirig\u00e9e par un conseil d&#8217;administration form\u00e9 d\u2019administrateurs b\u00e9n\u00e9voles issus des secteurs priv\u00e9, public et de l&#8217;industrie. Un poste de direction g\u00e9n\u00e9rale est \u00e9galement pr\u00e9vu.<\/p>\n<p>Apr\u00e8s avoir longuement analys\u00e9 le march\u00e9 de la v\u00e9rification environnementale afin d\u2019\u00e9tablir des crit\u00e8res d\u2019agr\u00e9ment assurant la plus haute comp\u00e9tence de ses agr\u00e9\u00e9s, l\u2019AQVE a d\u00e9cern\u00e9 ses premiers agr\u00e9ments au titre d\u2019\u00c9valuateur environnemental de site agr\u00e9\u00e9 (EESA) en 1995.<\/p>\n<p>Devant l\u2019\u00e9volution de la pratique, le titre de V\u00e9rificateur environnemental agr\u00e9\u00e9 (VEA) est devenu une n\u00e9cessit\u00e9 afin de discerner le r\u00f4le des EESA de celui des VEA. Dot\u00e9s de crit\u00e8res sp\u00e9cifiques \u00e0 leur pratique, les premiers VEA de l\u2019AQVE ont \u00e9t\u00e9 agr\u00e9\u00e9s d\u00e8s 1997.<\/p>\n<p>Afin de bien identifier les agr\u00e9ments qu\u2019elle d\u00e9cerne de ceux offerts par d\u2019autres organismes, l\u2019AQVE a fait enregistrer les titres VEA\u00ae et de EESA\u00ae aupr\u00e8s de l\u2019Office de la propri\u00e9t\u00e9 intellectuelle du Canada en 2005.<\/p>\n<p>Les titres de VEA\u00ae et de EESA\u00ae sont donc devenus exclusifs \u00e0 l\u2019AQVE \u00e0 travers le Canada depuis cette date.<\/p>\n<p>En d\u00e9cembre 2006, l\u2019AQVE obtenait du Conseil canadien des normes (CCN), l\u2019accr\u00e9ditation au titre d\u2019Organisme de Certification de Personnes, devenant ainsi le seul organisme de certification reconnu au Canada pour d\u00e9cerner les agr\u00e9ments aux titres de VEA\u00ae et de EESA\u00ae.<\/p>\n<p>En 2017, l\u2019AQVE a cr\u00e9\u00e9 deux nouveaux agr\u00e9ments juniors, soit EESA\u00aejr et VEA\u00aejr. La principale caract\u00e9ristique des agr\u00e9ments juniors est l\u2019introduction d\u2019une p\u00e9riode de mentorat, au cours de laquelle l\u2019agr\u00e9\u00e9 junior aura \u00e0 compl\u00e9ter le nombre d\u2019\u00e9valuations\/v\u00e9rifications requis pour atteindre le statut d\u2019agr\u00e9\u00e9.<\/p>\n<p>Depuis 2020, l\u2019AQVE offre aussi la certification de techniciens en environnement.<\/p>\n\t\t\t\t\t\t\t\t<\/div>\n\t\t\t\t<\/div>\n\t\t\t\t<div class=\"elementor-element elementor-element-15eb9c93 mauvre elementor-widget elementor-widget-heading\" data-id=\"15eb9c93\" data-element_type=\"widget\" data-e-type=\"widget\" data-widget_type=\"heading.default\">\n\t\t\t\t<div class=\"elementor-widget-container\">\n\t\t\t\t\t<h2 class=\"elementor-heading-title elementor-size-default\">Mission and vision<\/h2>\t\t\t\t<\/div>\n\t\t\t\t<\/div>\n\t\t\t\t<div class=\"elementor-element elementor-element-590dad9d elementor-widget elementor-widget-text-editor\" data-id=\"590dad9d\" data-element_type=\"widget\" data-e-type=\"widget\" data-widget_type=\"text-editor.default\">\n\t\t\t\t<div class=\"elementor-widget-container\">\n\t\t\t\t\t\t\t\t\t<p><strong>To be recognized as the benchmark organization<\/strong><\/p>\n<p>The Qu\u00e9bec Association of Environmental Auditors (QAEA) is a multidisciplinary, non-profit organization with the following mission:<\/p>\n<ol>\n<li>To bring together professionals involved in environmental auditing, which includes environmental site assessment<\/li>\n<li>To promote the practice of environmental auditing<\/li>\n<li>To educate the public about the competencies of practitioners certified by the QAEA<\/li>\n<li>To encourage continuous professional development<\/li>\n<\/ol>\n<p>The QAEA&#8217;s vision is to maintain its leading position and be recognized as the benchmark organization in environmental auditing and site assessment.<\/p>\n\t\t\t\t\t\t\t\t<\/div>\n\t\t\t\t<\/div>\n\t\t\t\t<div class=\"elementor-element elementor-element-afcb004 mauvre elementor-widget elementor-widget-heading\" data-id=\"afcb004\" data-element_type=\"widget\" data-e-type=\"widget\" data-widget_type=\"heading.default\">\n\t\t\t\t<div class=\"elementor-widget-container\">\n\t\t\t\t\t<h2 class=\"elementor-heading-title elementor-size-default\"><mark>S\u2019assurer d\u2019une pratique comp\u00e9tente<\/mark><\/h2>\t\t\t\t<\/div>\n\t\t\t\t<\/div>\n\t\t\t\t<div class=\"elementor-element elementor-element-1b8876f elementor-widget elementor-widget-text-editor\" data-id=\"1b8876f\" data-element_type=\"widget\" data-e-type=\"widget\" data-widget_type=\"text-editor.default\">\n\t\t\t\t<div class=\"elementor-widget-container\">\n\t\t\t\t\t\t\t\t\t<p><mark><\/p>\n<p>La v\u00e9rification environnementale et l\u2019\u00e9valuation environnementale de site rel\u00e8vent de plusieurs disciplines dont le cheminement professionnel diff\u00e8re.<\/p>\n<p>Il devient donc imp\u00e9ratif d\u2019\u00e9tablir des normes de qualit\u00e9 dans la pratique pour garantir une coh\u00e9rence et d\u2019assurer la mise \u00e0 jour des connaissances des praticiens.<\/p>\n<p>Voil\u00e0 la raison d\u2019\u00eatre de l\u2019Association qu\u00e9b\u00e9coise de v\u00e9rification environnementale (AQVE).<\/p>\n<p><\/mark><\/p>\n\t\t\t\t\t\t\t\t<\/div>\n\t\t\t\t<\/div>\n\t\t\t\t\t<\/div>\n\t\t<\/div>\n\t\t\t\t<div class=\"elementor-column elementor-col-33 elementor-top-column elementor-element elementor-element-6a66874a elementor-hidden-tablet elementor-hidden-mobile colonne-sticky\" data-id=\"6a66874a\" data-element_type=\"column\" data-e-type=\"column\" data-settings=\"{&quot;background_background&quot;:&quot;classic&quot;}\">\n\t\t\t<div class=\"elementor-widget-wrap elementor-element-populated\">\n\t\t\t\t\t\t<section class=\"elementor-section elementor-inner-section elementor-element elementor-element-56397b7 elementor-section-boxed elementor-section-height-default elementor-section-height-default\" data-id=\"56397b7\" data-element_type=\"section\" data-e-type=\"section\">\n\t\t\t\t\t\t<div class=\"elementor-container elementor-column-gap-default\">\n\t\t\t\t\t<div class=\"elementor-column elementor-col-100 elementor-inner-column elementor-element elementor-element-6dec798\" data-id=\"6dec798\" data-element_type=\"column\" data-e-type=\"column\" data-settings=\"{&quot;background_background&quot;:&quot;classic&quot;}\">\n\t\t\t<div class=\"elementor-widget-wrap elementor-element-populated\">\n\t\t\t\t\t\t<div class=\"elementor-element elementor-element-e083258 elementor-widget elementor-widget-heading\" data-id=\"e083258\" data-element_type=\"widget\" data-e-type=\"widget\" data-widget_type=\"heading.default\">\n\t\t\t\t<div class=\"elementor-widget-container\">\n\t\t\t\t\t<h3 class=\"elementor-heading-title elementor-size-default\">About<\/h3>\t\t\t\t<\/div>\n\t\t\t\t<\/div>\n\t\t\t\t<div class=\"elementor-element elementor-element-7759723 elementor-widget-divider--view-line elementor-widget elementor-widget-divider\" data-id=\"7759723\" data-element_type=\"widget\" data-e-type=\"widget\" data-widget_type=\"divider.default\">\n\t\t\t\t<div class=\"elementor-widget-container\">\n\t\t\t\t\t\t\t<div class=\"elementor-divider\">\n\t\t\t<span class=\"elementor-divider-separator\">\n\t\t\t\t\t\t<\/span>\n\t\t<\/div>\n\t\t\t\t\t\t<\/div>\n\t\t\t\t<\/div>\n\t\t\t\t<div class=\"elementor-element elementor-element-c726a8d elementor-nav-menu__text-align-aside elementor-widget elementor-widget-global elementor-global-1976 elementor-widget-nav-menu\" data-id=\"c726a8d\" data-element_type=\"widget\" data-e-type=\"widget\" data-settings=\"{&quot;layout&quot;:&quot;dropdown&quot;,&quot;submenu_icon&quot;:{&quot;value&quot;:&quot;fas fa-chevron-down&quot;,&quot;library&quot;:&quot;fa-solid&quot;}}\" data-widget_type=\"nav-menu.default\">\n\t\t\t\t<div class=\"elementor-widget-container\">\n\t\t\t\t\t\t\t\t<nav class=\"elementor-nav-menu--dropdown elementor-nav-menu__container\" aria-hidden=\"true\">\n\t\t\t\t<ul id=\"menu-2-c726a8d\" class=\"elementor-nav-menu\"><li class=\"menu-item menu-item-type-post_type menu-item-object-page menu-item-3249\"><a href=\"https:\/\/www.aqve.com\/en\/about\/informations-generales\/\" class=\"elementor-item\" tabindex=\"-1\">General informations<\/a><\/li>\n<li class=\"menu-item menu-item-type-post_type menu-item-object-page menu-item-3553\"><a href=\"https:\/\/www.aqve.com\/en\/about\/team\/\" class=\"elementor-item\" tabindex=\"-1\">Team<\/a><\/li>\n<li class=\"menu-item menu-item-type-post_type menu-item-object-page menu-item-3246\"><a href=\"https:\/\/www.aqve.com\/en\/about\/accreditation-by-the-scc\/\" class=\"elementor-item\" tabindex=\"-1\">Accreditation by the SCC<\/a><\/li>\n<li class=\"menu-item menu-item-type-post_type menu-item-object-page menu-item-3247\"><a href=\"https:\/\/www.aqve.com\/en\/about\/partners\/\" class=\"elementor-item\" tabindex=\"-1\">Partners<\/a><\/li>\n<\/ul>\t\t\t<\/nav>\n\t\t\t\t\t\t<\/div>\n\t\t\t\t<\/div>\n\t\t\t\t\t<\/div>\n\t\t<\/div>\n\t\t\t\t\t<\/div>\n\t\t<\/section>\n\t\t\t\t\t<\/div>\n\t\t<\/div>\n\t\t\t\t\t<\/div>\n\t\t<\/section>\n\t\t\t\t<\/div>\n\t\t","protected":false},"excerpt":{"rendered":"<p>ABOUT historique Combler un besoin d&#8217;encadrement de la v\u00e9rification environnementale N\u00e9e en 1992 de la volont\u00e9 de combler un besoin essentiel d&#8217;encadrement et d&#8217;\u00e9changes dans le domaine de la v\u00e9rification environnementale au Qu\u00e9bec, l&#8217;Association qu\u00e9b\u00e9coise de v\u00e9rification environnementale (AQVE) a adopt\u00e9 des R\u00e8glements g\u00e9n\u00e9raux pr\u00e9voyant notamment que celle-ci soit dirig\u00e9e par un conseil d&#8217;administration form\u00e9 [&hellip;]<\/p>\n","protected":false},"author":1,"featured_media":0,"parent":3298,"menu_order":1,"comment_status":"closed","ping_status":"closed","template":"","meta":{"inline_featured_image":false,"footnotes":""},"class_list":["post-1712","page","type-page","status-publish","hentry"],"yoast_head":"<!-- This site is optimized with the Yoast SEO plugin v27.2 - https:\/\/yoast.com\/product\/yoast-seo-wordpress\/ -->\n<title>General informations - AQVE<\/title>\n<meta name=\"description\" content=\"The Quebec Association of Environmental Auditing was created to fill a need for supervision in this field in Quebec.\" \/>\n<meta name=\"robots\" content=\"index, follow, max-snippet:-1, max-image-preview:large, max-video-preview:-1\" \/>\n<link rel=\"canonical\" href=\"https:\/\/www.aqve.com\/en\/about\/informations-generales\/\" \/>\n<meta property=\"og:locale\" content=\"en_US\" \/>\n<meta property=\"og:type\" content=\"article\" \/>\n<meta property=\"og:title\" content=\"Informations g\u00e9n\u00e9rales - AQVE\" \/>\n<meta property=\"og:description\" content=\"The Quebec Association of Environmental Auditing was created to fill a need for supervision in this field in Quebec.\" \/>\n<meta property=\"og:url\" content=\"https:\/\/www.aqve.com\/en\/about\/informations-generales\/\" \/>\n<meta property=\"og:site_name\" content=\"AQVE\" \/>\n<meta property=\"article:modified_time\" content=\"2021-12-02T18:33:51+00:00\" \/>\n<meta name=\"twitter:card\" content=\"summary_large_image\" \/>\n<meta name=\"twitter:title\" content=\"Informations g\u00e9n\u00e9rales - AQVE\" \/>\n<meta name=\"twitter:description\" content=\"L&#039;Association qu\u00e9b\u00e9coise de v\u00e9rification environnementale est n\u00e9e de la volont\u00e9 de combler un besoin d&#039;encadrement dans ce domaine au Qu\u00e9bec.\" \/>\n<meta name=\"twitter:label1\" content=\"Est. reading time\" \/>\n\t<meta name=\"twitter:data1\" content=\"3 minutes\" \/>\n<script type=\"application\/ld+json\" class=\"yoast-schema-graph\">{\"@context\":\"https:\/\/schema.org\",\"@graph\":[{\"@type\":\"WebPage\",\"@id\":\"https:\/\/www.aqve.com\/en\/about\/informations-generales\/\",\"url\":\"https:\/\/www.aqve.com\/en\/about\/informations-generales\/\",\"name\":\"General informations - AQVE\",\"isPartOf\":{\"@id\":\"https:\/\/www.aqve.com\/en\/#website\"},\"datePublished\":\"2021-03-10T15:28:15+00:00\",\"dateModified\":\"2021-12-02T18:33:51+00:00\",\"description\":\"The Quebec Association of Environmental Auditing was created to fill a need for supervision in this field in Quebec.\",\"breadcrumb\":{\"@id\":\"https:\/\/www.aqve.com\/en\/about\/informations-generales\/#breadcrumb\"},\"inLanguage\":\"en-US\",\"potentialAction\":[{\"@type\":\"ReadAction\",\"target\":[\"https:\/\/www.aqve.com\/en\/about\/informations-generales\/\"]}]},{\"@type\":\"BreadcrumbList\",\"@id\":\"https:\/\/www.aqve.com\/en\/about\/informations-generales\/#breadcrumb\",\"itemListElement\":[{\"@type\":\"ListItem\",\"position\":1,\"name\":\"Home\",\"item\":\"https:\/\/www.aqve.com\/en\/\"},{\"@type\":\"ListItem\",\"position\":2,\"name\":\"About\",\"item\":\"https:\/\/www.aqve.com\/en\/about\/\"},{\"@type\":\"ListItem\",\"position\":3,\"name\":\"General informations\"}]},{\"@type\":\"WebSite\",\"@id\":\"https:\/\/www.aqve.com\/en\/#website\",\"url\":\"https:\/\/www.aqve.com\/en\/\",\"name\":\"AQVE\",\"description\":\"Quebec Association of Environmental Auditing\",\"publisher\":{\"@id\":\"https:\/\/www.aqve.com\/en\/#organization\"},\"potentialAction\":[{\"@type\":\"SearchAction\",\"target\":{\"@type\":\"EntryPoint\",\"urlTemplate\":\"https:\/\/www.aqve.com\/en\/?s={search_term_string}\"},\"query-input\":{\"@type\":\"PropertyValueSpecification\",\"valueRequired\":true,\"valueName\":\"search_term_string\"}}],\"inLanguage\":\"en-US\"},{\"@type\":\"Organization\",\"@id\":\"https:\/\/www.aqve.com\/en\/#organization\",\"name\":\"AQVE\",\"url\":\"https:\/\/www.aqve.com\/en\/\",\"logo\":{\"@type\":\"ImageObject\",\"inLanguage\":\"en-US\",\"@id\":\"https:\/\/www.aqve.com\/en\/#\/schema\/logo\/image\/\",\"url\":\"https:\/\/www.aqve.com\/wp-content\/uploads\/2021\/11\/logo-AQVE-300x182-1.jpeg\",\"contentUrl\":\"https:\/\/www.aqve.com\/wp-content\/uploads\/2021\/11\/logo-AQVE-300x182-1.jpeg\",\"width\":300,\"height\":182,\"caption\":\"AQVE\"},\"image\":{\"@id\":\"https:\/\/www.aqve.com\/en\/#\/schema\/logo\/image\/\"}}]}<\/script>\n<!-- \/ Yoast SEO plugin. -->","yoast_head_json":{"title":"General informations - AQVE","description":"The Quebec Association of Environmental Auditing was created to fill a need for supervision in this field in Quebec.","robots":{"index":"index","follow":"follow","max-snippet":"max-snippet:-1","max-image-preview":"max-image-preview:large","max-video-preview":"max-video-preview:-1"},"canonical":"https:\/\/www.aqve.com\/en\/about\/informations-generales\/","og_locale":"en_US","og_type":"article","og_title":"Informations g\u00e9n\u00e9rales - AQVE","og_description":"The Quebec Association of Environmental Auditing was created to fill a need for supervision in this field in Quebec.","og_url":"https:\/\/www.aqve.com\/en\/about\/informations-generales\/","og_site_name":"AQVE","article_modified_time":"2021-12-02T18:33:51+00:00","twitter_card":"summary_large_image","twitter_title":"Informations g\u00e9n\u00e9rales - AQVE","twitter_description":"L'Association qu\u00e9b\u00e9coise de v\u00e9rification environnementale est n\u00e9e de la volont\u00e9 de combler un besoin d'encadrement dans ce domaine au Qu\u00e9bec.","twitter_misc":{"Est. reading time":"3 minutes"},"schema":{"@context":"https:\/\/schema.org","@graph":[{"@type":"WebPage","@id":"https:\/\/www.aqve.com\/en\/about\/informations-generales\/","url":"https:\/\/www.aqve.com\/en\/about\/informations-generales\/","name":"General informations - AQVE","isPartOf":{"@id":"https:\/\/www.aqve.com\/en\/#website"},"datePublished":"2021-03-10T15:28:15+00:00","dateModified":"2021-12-02T18:33:51+00:00","description":"The Quebec Association of Environmental Auditing was created to fill a need for supervision in this field in Quebec.","breadcrumb":{"@id":"https:\/\/www.aqve.com\/en\/about\/informations-generales\/#breadcrumb"},"inLanguage":"en-US","potentialAction":[{"@type":"ReadAction","target":["https:\/\/www.aqve.com\/en\/about\/informations-generales\/"]}]},{"@type":"BreadcrumbList","@id":"https:\/\/www.aqve.com\/en\/about\/informations-generales\/#breadcrumb","itemListElement":[{"@type":"ListItem","position":1,"name":"Home","item":"https:\/\/www.aqve.com\/en\/"},{"@type":"ListItem","position":2,"name":"About","item":"https:\/\/www.aqve.com\/en\/about\/"},{"@type":"ListItem","position":3,"name":"General informations"}]},{"@type":"WebSite","@id":"https:\/\/www.aqve.com\/en\/#website","url":"https:\/\/www.aqve.com\/en\/","name":"AQVE","description":"Quebec Association of Environmental Auditing","publisher":{"@id":"https:\/\/www.aqve.com\/en\/#organization"},"potentialAction":[{"@type":"SearchAction","target":{"@type":"EntryPoint","urlTemplate":"https:\/\/www.aqve.com\/en\/?s={search_term_string}"},"query-input":{"@type":"PropertyValueSpecification","valueRequired":true,"valueName":"search_term_string"}}],"inLanguage":"en-US"},{"@type":"Organization","@id":"https:\/\/www.aqve.com\/en\/#organization","name":"AQVE","url":"https:\/\/www.aqve.com\/en\/","logo":{"@type":"ImageObject","inLanguage":"en-US","@id":"https:\/\/www.aqve.com\/en\/#\/schema\/logo\/image\/","url":"https:\/\/www.aqve.com\/wp-content\/uploads\/2021\/11\/logo-AQVE-300x182-1.jpeg","contentUrl":"https:\/\/www.aqve.com\/wp-content\/uploads\/2021\/11\/logo-AQVE-300x182-1.jpeg","width":300,"height":182,"caption":"AQVE"},"image":{"@id":"https:\/\/www.aqve.com\/en\/#\/schema\/logo\/image\/"}}]}},"_links":{"self":[{"href":"https:\/\/www.aqve.com\/en\/wp-json\/wp\/v2\/pages\/1712","targetHints":{"allow":["GET"]}}],"collection":[{"href":"https:\/\/www.aqve.com\/en\/wp-json\/wp\/v2\/pages"}],"about":[{"href":"https:\/\/www.aqve.com\/en\/wp-json\/wp\/v2\/types\/page"}],"author":[{"embeddable":true,"href":"https:\/\/www.aqve.com\/en\/wp-json\/wp\/v2\/users\/1"}],"replies":[{"embeddable":true,"href":"https:\/\/www.aqve.com\/en\/wp-json\/wp\/v2\/comments?post=1712"}],"version-history":[{"count":0,"href":"https:\/\/www.aqve.com\/en\/wp-json\/wp\/v2\/pages\/1712\/revisions"}],"up":[{"embeddable":true,"href":"https:\/\/www.aqve.com\/en\/wp-json\/wp\/v2\/pages\/3298"}],"wp:attachment":[{"href":"https:\/\/www.aqve.com\/en\/wp-json\/wp\/v2\/media?parent=1712"}],"curies":[{"name":"wp","href":"https:\/\/api.w.org\/{rel}","templated":true}]}}